{"id":108,"date":"2017-02-08T10:46:26","date_gmt":"2017-02-08T10:46:26","guid":{"rendered":"https:\/\/stg4993.addvera.eu\/?page_id=108\/"},"modified":"2017-02-09T11:16:21","modified_gmt":"2017-02-09T11:16:21","slug":"impuestos","status":"publish","type":"page","link":"https:\/\/stg4993.addvera.eu\/?page_id=108","title":{"rendered":"Impuestos"},"content":{"rendered":"[vc_row][vc_column width=\u00bb1\/4&#8243;][vc_single_image image=\u00bb109&#8243; img_size=\u00bb188&#215;176&#8243; alignment=\u00bbcenter\u00bb][\/vc_column][vc_column width=\u00bb3\/4&#8243;][vc_column_text margin_bottom=\u00bb25&#8243;]\n<p style=\"font-size: 25px; color: #b00f35; font-weight: 400;\"><strong>Impuestos<\/strong><\/p>\n<p style=\"font-size: 17px; text-align: justify;\"><span style=\"font-weight: 600;\">Una fiscalidad justa es uno de los fundamentos de las sociedades modernas y democr\u00e1ticas de nuestro entorno.<\/span><\/p>\n<p style=\"font-size: 17px; text-align: justify;\"><span style=\"font-weight: 600;\">Ayudamos en el puntual y correcto cumplimiento de las numerosas obligaciones formales que afectan al cliente, en la optimizaci\u00f3n, dentro de la ley, de sus cargas tributarias, as\u00ed como en el disfrute de ventajas e incentivos fiscales.<\/span><\/p>\n<p style=\"font-size: 17px; text-align: justify;\"><span style=\"color: #333333; font-size: 13pt;\">Las normas fiscales abarcan diferentes aspectos, especialmente, desde que las Comunidades Aut\u00f3nomas y los Entes Locales han recibido atribuciones en materia tributaria y, todo ello, sin olvidar la importancia de la legislaci\u00f3n europea e internacional. Es un marco que var\u00eda y est\u00e1 ampli\u00e1ndose continuamente.<\/span><\/p>\n<p style=\"font-size: 17px; text-align: justify;\"><span style=\"color: #333333; font-size: 13pt;\">Planificar y evaluar previamente el impacto de las operaciones, permite, en muchas ocasiones, importantes ahorros fiscales dentro de la m\u00e1s estricta legalidad. La abundancia de medidas fiscales y econ\u00f3micas, deducciones, bonificaciones y exenciones, constituyen razones m\u00e1s que justificadas para buscar el apoyo de aut\u00e9nticos fiscalistas que dediquen esfuerzos constantes al estudio y reciclaje profesional.<\/span><\/p>\n<p style=\"font-size: 17px; text-align: justify;\"><span style=\"color: #333333; font-size: 13pt;\">La complejidad de las relaciones con la Administraci\u00f3n y los criterios restrictivos que \u00e9sta aplica, genera, con frecuencia, discrepancias que deben ser resueltas en procedimientos de inspecci\u00f3n, administrativos o contenciosos. Este aspecto requiere, as\u00ed mismo, la colaboraci\u00f3n de profesionales experimentados.<\/span><\/p>\n<p style=\"font-size: 17px; text-align: justify;\"><span style=\"color: #333333; font-size: 13pt;\">Los mismos profesionales que le ayudar\u00e1n en la cumplimentaci\u00f3n, en tiempo y forma, de las numerosas declaraciones y obligaciones formales sobre las que se sustenta la fiscalidad y las relaciones con las distintas administraciones tributarias.<\/span><\/p>\n[\/vc_column_text][\/vc_column][\/vc_row][vc_row][vc_column][vc_column_text margin_bottom=\u00bb25&#8243;]\n<div style=\"width: 100%; padding: 20px; color: #fff; background: #b00f35; font-size: 20px;\"><strong><span style=\"color: #ffffff;\">ESPECIALIDADES<\/span><\/strong><\/div>\n[\/vc_column_text][\/vc_column][\/vc_row][vc_row][vc_column width=\u00bb1\/2&#8243;][vc_column_text]\n<ul style=\"font-size: 14px;\">\n<li><strong style=\"font-size: 14px;\">Seguimiento y supervisi\u00f3n fiscal<\/strong><span style=\"font-size: 14px;\"> mediante visitas y reuniones peri\u00f3dicas concertadas en nuestras oficinas y\/o en el domicilio del cliente.<\/span><\/li>\n<\/ul>\n<ul style=\"font-size: 14px;\">\n<li><strong style=\"font-size: 14px;\">Estudios de planificaci\u00f3n fiscal, familiar y empresarial.<\/strong><\/li>\n<\/ul>\n<ul style=\"font-size: 14px;\">\n<li><strong style=\"font-size: 14px;\">Informes sobre fiscalidad.<\/strong><\/li>\n<\/ul>\n<ul style=\"font-size: 14px;\">\n<li><strong style=\"font-size: 14px;\">Regularizaciones fiscales.<\/strong><\/li>\n<\/ul>\n<ul style=\"font-size: 14px;\">\n<li><strong style=\"font-size: 14px;\">Planificaci\u00f3n y gesti\u00f3n de sucesiones y donaciones.<\/strong><\/li>\n<\/ul>\n<ul style=\"font-size: 14px;\">\n<li><strong style=\"font-size: 14px;\">Consolidaci\u00f3n fiscal.<\/strong><\/li>\n<\/ul>\n<ul style=\"font-size: 14px;\">\n<li><strong style=\"font-size: 14px;\">Procedimientos tributarios.<\/strong>\n<ul>\n<li><span style=\"font-size: 14px;\">Administrativos<\/span><\/li>\n<li><span style=\"font-size: 14px;\">Contencioso-administrativos<\/span><\/li>\n<li><span style=\"font-size: 14px;\">Requerimientos<\/span><\/li>\n<li><span style=\"font-size: 14px;\">Comprobaciones abreviadas<\/span><\/li>\n<li><span style=\"font-size: 14px;\">Inspecciones<\/span><\/li>\n<li><span style=\"font-size: 14px;\">Recaudaci\u00f3n y aplazamientos<\/span><\/li>\n<\/ul>\n<\/li>\n<\/ul>\n[\/vc_column_text][\/vc_column][vc_column width=\u00bb1\/2&#8243;][vc_column_text]\n<ul>\n<li><strong style=\"font-size: 14px;\">Impuestos<\/strong>\n<ul>\n<li>Sociedades<\/li>\n<li>IRPF<\/li>\n<li>IRNR<\/li>\n<li>Patrimonio<\/li>\n<li>Sucesiones y Donaciones<\/li>\n<li>ITP y AJD<\/li>\n<li>IAE<\/li>\n<li>IVA<\/li>\n<li>IBI<\/li>\n<\/ul>\n<\/li>\n<\/ul>\n<ul>\n<li><strong style=\"font-size: 14px;\">Gesti\u00f3n tributaria<\/strong>\n<ul>\n<li>Declaraciones peri\u00f3dicas<\/li>\n<li>Censos<\/li>\n<li>N\u00famero de Identificaci\u00f3n Fiscal de Extranjeros (NIE)<\/li>\n<li>Reg\u00edmenes especiales<\/li>\n<\/ul>\n<\/li>\n<\/ul>\n[\/vc_column_text][\/vc_column][\/vc_row]\n","protected":false},"excerpt":{"rendered":"<p>[vc_row][vc_column width=\u00bb1\/4&#8243;][vc_single_image image=\u00bb109&#8243; img_size=\u00bb188&#215;176&#8243; alignment=\u00bbcenter\u00bb][\/vc_column][vc_column width=\u00bb3\/4&#8243;][vc_column_text margin_bottom=\u00bb25&#8243;] Impuestos Una fiscalidad justa es uno de los fundamentos de las sociedades modernas y democr\u00e1ticas de nuestro entorno. Ayudamos en el puntual y correcto cumplimiento de las numerosas obligaciones formales que afectan al cliente, en la optimizaci\u00f3n, dentro de la ley, de sus cargas tributarias, as\u00ed como en [&hellip;]<\/p>\n","protected":false},"author":1,"featured_media":109,"parent":253,"menu_order":0,"comment_status":"closed","ping_status":"closed","template":"","meta":{"footnotes":""},"class_list":["post-108","page","type-page","status-publish","has-post-thumbnail","hentry"],"_links":{"self":[{"href":"https:\/\/stg4993.addvera.eu\/index.php?rest_route=\/wp\/v2\/pages\/108"}],"collection":[{"href":"https:\/\/stg4993.addvera.eu\/index.php?rest_route=\/wp\/v2\/pages"}],"about":[{"href":"https:\/\/stg4993.addvera.eu\/index.php?rest_route=\/wp\/v2\/types\/page"}],"author":[{"embeddable":true,"href":"https:\/\/stg4993.addvera.eu\/index.php?rest_route=\/wp\/v2\/users\/1"}],"replies":[{"embeddable":true,"href":"https:\/\/stg4993.addvera.eu\/index.php?rest_route=%2Fwp%2Fv2%2Fcomments&post=108"}],"version-history":[{"count":11,"href":"https:\/\/stg4993.addvera.eu\/index.php?rest_route=\/wp\/v2\/pages\/108\/revisions"}],"predecessor-version":[{"id":137,"href":"https:\/\/stg4993.addvera.eu\/index.php?rest_route=\/wp\/v2\/pages\/108\/revisions\/137"}],"up":[{"embeddable":true,"href":"https:\/\/stg4993.addvera.eu\/index.php?rest_route=\/wp\/v2\/pages\/253"}],"wp:featuredmedia":[{"embeddable":true,"href":"https:\/\/stg4993.addvera.eu\/index.php?rest_route=\/wp\/v2\/media\/109"}],"wp:attachment":[{"href":"https:\/\/stg4993.addvera.eu\/index.php?rest_route=%2Fwp%2Fv2%2Fmedia&parent=108"}],"curies":[{"name":"wp","href":"https:\/\/api.w.org\/{rel}","templated":true}]}}