{"id":116,"date":"2017-02-08T10:59:09","date_gmt":"2017-02-08T10:59:09","guid":{"rendered":"https:\/\/stg4993.addvera.eu\/?page_id=116\/"},"modified":"2017-02-09T11:19:59","modified_gmt":"2017-02-09T11:19:59","slug":"laboral","status":"publish","type":"page","link":"https:\/\/stg4993.addvera.eu\/?page_id=116","title":{"rendered":"Laboral"},"content":{"rendered":"[vc_row][vc_column width=\u00bb1\/6&#8243;][vc_single_image image=\u00bb120&#8243; img_size=\u00bb188&#215;176&#8243;][\/vc_column][vc_column width=\u00bb5\/6&#8243;][vc_column_text disable_pattern=\u00bbfalse\u00bb]\n<p style=\"font-size: 25px; color: #b00f35; font-weight: 400;\"><strong>Laboral<\/strong><\/p>\n<p style=\"font-size: 17px; text-align: justify;\"><span style=\"font-weight: 600;\">Siendo las personas el mayor activo de las organizaciones, sus pol\u00edticas laborales y de RRHH son claves para su correcta gesti\u00f3n.<\/span><\/p>\n<p style=\"font-size: 17px; text-align: justify;\"><span style=\"font-weight: 600;\">Cuidamos el detalle desde un enfoque global: cotizaciones y n\u00f3minas, contrataci\u00f3n, planes de acogida y carrera, formaci\u00f3n y prevenci\u00f3n de riesgos, valoraci\u00f3n de puestos y conciliaci\u00f3n de la vida laboral y familiar.<\/span><\/p>\n<p style=\"text-align: justify; font-size: 17px;\"><span style=\"color: #333333;\">La prevenci\u00f3n de riesgos y la seguridad e higiene en el trabajo constituyen un derecho fundamental de los empleados y una obligaci\u00f3n b\u00e1sica de los empresarios. Seg\u00fan los casos, el empresario est\u00e1 obligado-facultado a organizar los planes y sistemas de seguridad por si mismo. En otros, puede recurrir a la ayuda de entidades externas especializadas. La auditor\u00eda permanente de los planes de prevenci\u00f3n permiten comprobar y garantizar que los sistemas establecidos son adecuados, se aplican de forma sistem\u00e1tica y cumplen los requisitos legales. La responsabilidad \u00faltima de hacer cumplir las actividades preventivas es, en todo caso, del empresario.<\/span><\/p>\n<p style=\"text-align: justify; font-size: 17px;\"><span style=\"color: #333333;\">El correcto encuadramiento y aplicaci\u00f3n de los convenios sectoriales o de empresa, as\u00ed como el respeto de las normas en materia de cotizaci\u00f3n en los distintos reg\u00edmenes de la Seguridad Social, son factores decisivos para la buena marcha de las empresas evit\u00e1ndoles conflictos y posibles sanciones.<\/span><\/p>\n<p style=\"text-align: justify; font-size: 17px;\"><span style=\"color: #333333;\">La correcta gesti\u00f3n de los contratos, n\u00f3minas y modelos de cotizaci\u00f3n son, as\u00ed mismo, elementos de especial atenci\u00f3n por parte de nuestros profesionales.<\/span><\/p>\n<p style=\"text-align: justify; font-size: 17px;\"><span style=\"color: #333333;\">Nuestra vocaci\u00f3n es ayudar a las empresas a aplicar medidas de fomento de la paridad, de la igualdad y de la no discriminaci\u00f3n. Tambi\u00e9n, las de conciliaci\u00f3n de la vida personal y familiar. En esta \u00faltima materia, somos pioneros en el establecimiento de modalidades contractuales de tele-trabajo.<\/span><\/p>\n<p style=\"text-align: justify; font-size: 17px;\"><span style=\"color: #333333;\">Nuestra \u00e1rea laboral tambi\u00e9n incluye, aconsejar y ayudar a articular prudentes y proporcionadas medidas de correcci\u00f3n cuando se producen conductas de los empleados, o situaciones, que atentan contra las normas laborales establecidas por la empresa y\/o por la Ley.<\/span><\/p>\n<p style=\"text-align: justify; font-size: 17px;\"><span style=\"color: #333333;\">Y, si procede, asesorarlas y acompa\u00f1arlas si debe recurrirse a medidas excepcionales, tales como expedientes de regulaci\u00f3n de empleo -individual o colectiva- o a las v\u00edas jurisdiccionales.<\/span><\/p>\n[\/vc_column_text][\/vc_column][\/vc_row][vc_row][vc_column][vc_column_text disable_pattern=\u00bbfalse\u00bb]\n<div style=\"width: 100%; padding: 20px; color: #fff; background: #b00f35; font-size: 20px;\"><strong><span style=\"color: #ffffff;\">ESPECIALIDADES<\/span><\/strong><\/div>\n[\/vc_column_text][vc_empty_space height=\u00bb20px\u00bb][\/vc_column][\/vc_row][vc_row][vc_column width=\u00bb1\/2&#8243;][vc_column_text disable_pattern=\u00bbfalse\u00bb]\n<p><strong style=\"font-size: medium;\">PROCESAL LABORAL<\/strong><\/p>\n<ul>\n<li>Altas de empresa y de centros de trabajo.<\/li>\n<li>Asociaci\u00f3n a mutuas de accidentes de trabajo.<\/li>\n<li>Contrataci\u00f3n y finalizaci\u00f3n de la relaci\u00f3n laboral.<\/li>\n<li>Altas y bajas.<\/li>\n<li>Incapacidad Laboral.<\/li>\n<li>Pol\u00edticas retributivas e incentivos.<\/li>\n<li>N\u00f3minas.<\/li>\n<li>Cotizaciones a la Seguridad Social.<\/li>\n<li>Aut\u00f3nomos.<\/li>\n<li>Jubilaci\u00f3n.<\/li>\n<li>Prestaciones por viudedad, orfandad, incapacidad e invalidez.<\/li>\n<li>Ayudas a personas dependientes.<\/li>\n<\/ul>\n[\/vc_column_text][\/vc_column][vc_column width=\u00bb1\/2&#8243;][vc_column_text disable_pattern=\u00bbfalse\u00bb]\n<ul>\n<li>Seguridad e higiene en el trabajo.<\/li>\n<li>Promoci\u00f3n de la igualdad y de la no discriminaci\u00f3n.<\/li>\n<li>Regulaciones de empleo.<\/li>\n<li>Medidas disciplinarias.<\/li>\n<li>Modificaci\u00f3n de las condiciones de trabajo.<\/li>\n<li>Reestructuraciones laborales.<\/li>\n<li>Planes de formaci\u00f3n.<\/li>\n<li>Tele-trabajo.<\/li>\n<li>Conciliaci\u00f3n de la vida personal y profesional<\/li>\n<\/ul>\n[\/vc_column_text][\/vc_column][\/vc_row]\n","protected":false},"excerpt":{"rendered":"<p>[vc_row][vc_column width=\u00bb1\/6&#8243;][vc_single_image image=\u00bb120&#8243; img_size=\u00bb188&#215;176&#8243;][\/vc_column][vc_column width=\u00bb5\/6&#8243;][vc_column_text disable_pattern=\u00bbfalse\u00bb] Laboral Siendo las personas el mayor activo de las organizaciones, sus pol\u00edticas laborales y de RRHH son claves para su correcta gesti\u00f3n. Cuidamos el detalle desde un enfoque global: cotizaciones y n\u00f3minas, contrataci\u00f3n, planes de acogida y carrera, formaci\u00f3n y prevenci\u00f3n de riesgos, valoraci\u00f3n de puestos y conciliaci\u00f3n de [&hellip;]<\/p>\n","protected":false},"author":1,"featured_media":120,"parent":253,"menu_order":0,"comment_status":"closed","ping_status":"closed","template":"","meta":{"footnotes":""},"class_list":["post-116","page","type-page","status-publish","has-post-thumbnail","hentry"],"_links":{"self":[{"href":"https:\/\/stg4993.addvera.eu\/index.php?rest_route=\/wp\/v2\/pages\/116"}],"collection":[{"href":"https:\/\/stg4993.addvera.eu\/index.php?rest_route=\/wp\/v2\/pages"}],"about":[{"href":"https:\/\/stg4993.addvera.eu\/index.php?rest_route=\/wp\/v2\/types\/page"}],"author":[{"embeddable":true,"href":"https:\/\/stg4993.addvera.eu\/index.php?rest_route=\/wp\/v2\/users\/1"}],"replies":[{"embeddable":true,"href":"https:\/\/stg4993.addvera.eu\/index.php?rest_route=%2Fwp%2Fv2%2Fcomments&post=116"}],"version-history":[{"count":5,"href":"https:\/\/stg4993.addvera.eu\/index.php?rest_route=\/wp\/v2\/pages\/116\/revisions"}],"predecessor-version":[{"id":134,"href":"https:\/\/stg4993.addvera.eu\/index.php?rest_route=\/wp\/v2\/pages\/116\/revisions\/134"}],"up":[{"embeddable":true,"href":"https:\/\/stg4993.addvera.eu\/index.php?rest_route=\/wp\/v2\/pages\/253"}],"wp:featuredmedia":[{"embeddable":true,"href":"https:\/\/stg4993.addvera.eu\/index.php?rest_route=\/wp\/v2\/media\/120"}],"wp:attachment":[{"href":"https:\/\/stg4993.addvera.eu\/index.php?rest_route=%2Fwp%2Fv2%2Fmedia&parent=116"}],"curies":[{"name":"wp","href":"https:\/\/api.w.org\/{rel}","templated":true}]}}