{"id":129,"date":"2017-02-08T11:06:27","date_gmt":"2017-02-08T11:06:27","guid":{"rendered":"https:\/\/stg4993.addvera.eu\/?page_id=129\/"},"modified":"2017-02-09T11:17:43","modified_gmt":"2017-02-09T11:17:43","slug":"control-gestion","status":"publish","type":"page","link":"https:\/\/stg4993.addvera.eu\/?page_id=129","title":{"rendered":"Control Gesti\u00f3n"},"content":{"rendered":"[vc_row][vc_column width=\u00bb1\/4&#8243;][vc_single_image image=\u00bb131&#8243; img_size=\u00bb188&#215;176&#8243; alignment=\u00bbcenter\u00bb][\/vc_column][vc_column width=\u00bb3\/4&#8243;][vc_column_text margin_bottom=\u00bb025&#8243;]\n<p style=\"font-size: 25px; color: #b00f35; font-weight: 400;\"><strong>Control de Gesti\u00f3n<\/strong><\/p>\n<p style=\"font-size: 17px; text-align: justify;\"><span style=\"font-weight: 600;\">La contabilidad y el control interno y presupuestario son garant\u00eda de eficacia y rentabilidad y herramientas b\u00e1sicas para adoptar decisiones correctas.<\/span><\/p>\n<p style=\"font-size: 17px; text-align: justify;\"><span style=\"font-weight: 600;\">Prestamos servicios de asesor\u00eda en los campos indicados y asumimos, cuando el cliente lo precisa, la ejecuci\u00f3n de dichas tareas, ofreciendo herramientas t\u00e9cnicas colaborativas y aportando valor a\u00f1adido a la gesti\u00f3n.<\/span><\/p>\n<p style=\"font-size: 17px; text-align: justify;\"><span style=\"color: #333333; font-size: 13pt;\">Las grandes y medianas organizaciones necesitan asistencia externa en la implantaci\u00f3n y mejora de sus planes y sistemas contables y de control y, cada vez con mayor frecuencia, externalizar, todos o parte, de sus procesos administrativos y de auditoria interna.<\/span><\/p>\n<p style=\"font-size: 17px; text-align: justify;\"><span style=\"color: #333333; font-size: 13pt;\">Las peque\u00f1as organizaciones necesitan soporte para la correcta ejecuci\u00f3n de sus tareas administrativas. Desde una asesor\u00eda y gesti\u00f3n permanente, que coordine, tanto las obligaciones contables y de informaci\u00f3n, como las relaciones con la asesor\u00eda fiscal, hasta la externalizaci\u00f3n total de procesos a los que no desean dedicar valiosos recursos internos para poder destinarlos a otras \u00e1reas esenciales de su negocio.<\/span><\/p>\n[\/vc_column_text][\/vc_column][\/vc_row][vc_row][vc_column][vc_column_text margin_bottom=\u00bb25&#8243;]\n<div style=\"width: 100%; padding: 20px; color: #fff; background: #b00f35; font-size: 20px;\"><strong><span style=\"color: #ffffff;\">ESPECIALIDADES<\/span><\/strong><\/div>\n[\/vc_column_text][\/vc_column][\/vc_row][vc_row][vc_column width=\u00bb1\/2&#8243;][vc_column_text]<strong><span style=\"font-size: medium;\">CONTABILIDAD Y CONTROL INTERNO<\/span><\/strong><\/p>\n<ul>\n<li>Normas Internacionales de Informaci\u00f3n Financiera (NIIF\/NIC).<\/li>\n<li>Consolidaci\u00f3n contable.<\/li>\n<li>Implantaci\u00f3n de plan\/es contable\/s.<\/li>\n<li>Normas de valoraci\u00f3n y planificaci\u00f3n contable.<\/li>\n<li>Sistemas presupuestarios.<\/li>\n<li>Regularizaciones contables.<\/li>\n<li>Informes peri\u00f3dicos.<\/li>\n<li>Cuentas anuales. En sus distintas modalidades. Individuales y consolidadas.<\/li>\n<li>Evaluaci\u00f3n e implementaci\u00f3n de sistemas de control interno.<\/li>\n<\/ul>\n[\/vc_column_text][\/vc_column][vc_column width=\u00bb1\/2&#8243;][vc_column_text]<strong style=\"font-size: medium;\">GESTI\u00d3N INTEGRAL<\/strong><\/p>\n<ul>\n<li>Outsourcing contable<\/li>\n<li>Gesti\u00f3n cobros y pagos.<\/li>\n<li>Emisi\u00f3n y control vencimientos recibos y facturas.<\/li>\n<li>Control y seguimiento obligaciones contractuales.<\/li>\n<li>Relaciones con proveedores y bancos.<\/li>\n<li>Declaraciones fiscales, y dem\u00e1s obligaciones formales de los clientes que gestionamos.<\/li>\n<li>Cumplimentaci\u00f3n de libros de contabilidad<\/li>\n<\/ul>\n[\/vc_column_text][\/vc_column][\/vc_row]\n","protected":false},"excerpt":{"rendered":"<p>[vc_row][vc_column width=\u00bb1\/4&#8243;][vc_single_image image=\u00bb131&#8243; img_size=\u00bb188&#215;176&#8243; alignment=\u00bbcenter\u00bb][\/vc_column][vc_column width=\u00bb3\/4&#8243;][vc_column_text margin_bottom=\u00bb025&#8243;] Control de Gesti\u00f3n La contabilidad y el control interno y presupuestario son garant\u00eda de eficacia y rentabilidad y herramientas b\u00e1sicas para adoptar decisiones correctas. Prestamos servicios de asesor\u00eda en los campos indicados y asumimos, cuando el cliente lo precisa, la ejecuci\u00f3n de dichas tareas, ofreciendo herramientas t\u00e9cnicas colaborativas [&hellip;]<\/p>\n","protected":false},"author":1,"featured_media":131,"parent":253,"menu_order":0,"comment_status":"closed","ping_status":"closed","template":"","meta":{"footnotes":""},"class_list":["post-129","page","type-page","status-publish","has-post-thumbnail","hentry"],"_links":{"self":[{"href":"https:\/\/stg4993.addvera.eu\/index.php?rest_route=\/wp\/v2\/pages\/129"}],"collection":[{"href":"https:\/\/stg4993.addvera.eu\/index.php?rest_route=\/wp\/v2\/pages"}],"about":[{"href":"https:\/\/stg4993.addvera.eu\/index.php?rest_route=\/wp\/v2\/types\/page"}],"author":[{"embeddable":true,"href":"https:\/\/stg4993.addvera.eu\/index.php?rest_route=\/wp\/v2\/users\/1"}],"replies":[{"embeddable":true,"href":"https:\/\/stg4993.addvera.eu\/index.php?rest_route=%2Fwp%2Fv2%2Fcomments&post=129"}],"version-history":[{"count":5,"href":"https:\/\/stg4993.addvera.eu\/index.php?rest_route=\/wp\/v2\/pages\/129\/revisions"}],"predecessor-version":[{"id":151,"href":"https:\/\/stg4993.addvera.eu\/index.php?rest_route=\/wp\/v2\/pages\/129\/revisions\/151"}],"up":[{"embeddable":true,"href":"https:\/\/stg4993.addvera.eu\/index.php?rest_route=\/wp\/v2\/pages\/253"}],"wp:featuredmedia":[{"embeddable":true,"href":"https:\/\/stg4993.addvera.eu\/index.php?rest_route=\/wp\/v2\/media\/131"}],"wp:attachment":[{"href":"https:\/\/stg4993.addvera.eu\/index.php?rest_route=%2Fwp%2Fv2%2Fmedia&parent=129"}],"curies":[{"name":"wp","href":"https:\/\/api.w.org\/{rel}","templated":true}]}}