{"id":152,"date":"2017-02-08T11:38:51","date_gmt":"2017-02-08T11:38:51","guid":{"rendered":"https:\/\/stg4993.addvera.eu\/?page_id=152\/"},"modified":"2017-02-09T11:18:18","modified_gmt":"2017-02-09T11:18:18","slug":"juridico","status":"publish","type":"page","link":"https:\/\/stg4993.addvera.eu\/?page_id=152","title":{"rendered":"Jur\u00eddico"},"content":{"rendered":"[vc_row][vc_column width=\u00bb1\/4&#8243;][vc_single_image image=\u00bb161&#8243; img_size=\u00bb188&#215;176&#8243; alignment=\u00bbcenter\u00bb][\/vc_column][vc_column width=\u00bb3\/4&#8243;][vc_column_text margin_bottom=\u00bb025&#8243;]\n<p style=\"font-size: 25px; color: #b00f35; font-weight: 400;\"><strong>Jur\u00eddico<\/strong><\/p>\n<p style=\"font-size: 17px; text-align: justify;\"><span style=\"font-weight: 600;\">Defendemos los intereses de los clientes desde la estricta aplicaci\u00f3n de las normas de \u00e9tica e independencia de la profesi\u00f3n jur\u00eddica.<\/span><\/p>\n<p style=\"font-size: 17px; text-align: justify;\"><span style=\"font-weight: 600;\">Nuestro equipo de abogadas\/os aplican siempre un enfoque multidisciplinario, para ello, si es preciso, colaboran con nuestros economistas, fiscalistas y dem\u00e1s expertas\/os, procurando siempre soluciones jur\u00eddicas equilibradas y razonables.<\/span><\/p>\n<p style=\"font-size: 17px; text-align: justify;\"><span style=\"color: #333333; font-size: 13pt;\">La asesor\u00eda jur\u00eddica es fundamental en nuestra actividad multidisciplinaria. Desde nuestros inicios, apostamos por un modelo, hoy universalmente admitido, en el que, de forma estrictamente respetuosa con la independencia y \u00e9tica profesional de los abogados, \u00e9stos puedan colaborar con economistas, fiscalistas y dem\u00e1s expertos. Un modelo que garantiza un servicio integral al cliente.<\/span><\/p>\n<p style=\"text-align: justify; font-size: 17px;\"><span style=\"color: #333333;\">La mejor ayuda legal es, como en las dem\u00e1s \u00e1reas, la preventiva y de planificaci\u00f3n. Un adecuado estudio previo de los acuerdos, de las operaciones y de todas sus implicaciones jur\u00eddicas constituye un elemento esencial para evitar posteriores complicaciones, contenciosos y conflictos.<\/span><\/p>\n<p style=\"text-align: justify; font-size: 17px;\">Para ello, nuestros abogados trabajan en estrecha relaci\u00f3n con los restantes departamentos de la Firma, ayudando especialmente en la planificaci\u00f3n y ejecuci\u00f3n de las operaciones que se plantean.<\/p>\n<p style=\"text-align: justify; font-size: 17px;\">Y, si surge un litigio, es imprescindible contar con abogados expertos en materia procesal y dispuestos a dedicar todo el tiempo y los esfuerzos precisos para el seguimiento, defensa y resoluci\u00f3n de los asuntos.<\/p>\n<p style=\"text-align: justify; font-size: 17px;\">Los servicios de nuestra \u00e1rea jur\u00eddica est\u00e1n enfocados tanto a las empresas (individuales o societarias) como a las personas y grupos familiares.<\/p>\n<p>\u00a0[\/vc_column_text][\/vc_column][\/vc_row][vc_row][vc_column][vc_column_text margin_bottom=\u00bb25&#8243;]\n<div style=\"width: 100%; padding: 20px; color: #fff; background: #b00f35; font-size: 20px;\"><strong><span style=\"color: #ffffff;\">ESPECIALIDADES<\/span><\/strong><\/div>\n[\/vc_column_text][\/vc_column][\/vc_row][vc_row][vc_column width=\u00bb1\/2&#8243;][vc_column_text]\n<ul>\n<li>Societario.<\/li>\n<li>Inmobiliario.<\/li>\n<li>Contractual civil y mercantil.<\/li>\n<li>Arrendamientos.<\/li>\n<li>Procesal civil y mercantil.<\/li>\n<li>Testamentos y herencias.<\/li>\n<li>Poderes preventivos y otros.<\/li>\n<\/ul>\n[\/vc_column_text][\/vc_column][vc_column width=\u00bb1\/2&#8243;][vc_column_text]\n<ul>\n<li>Matrimonial.<\/li>\n<li>Testamentos vitales.<\/li>\n<li>Protecci\u00f3n de datos.<\/li>\n<li>Normas medioambientales.<\/li>\n<li>Propiedad Industrial e Intelectual.<\/li>\n<li>Concursos de acreedores voluntarios y necesarios.<\/li>\n<li>Otras figuras preconcursales.<\/li>\n<\/ul>\n[\/vc_column_text][\/vc_column][\/vc_row]\n","protected":false},"excerpt":{"rendered":"<p>[vc_row][vc_column width=\u00bb1\/4&#8243;][vc_single_image image=\u00bb161&#8243; img_size=\u00bb188&#215;176&#8243; alignment=\u00bbcenter\u00bb][\/vc_column][vc_column width=\u00bb3\/4&#8243;][vc_column_text margin_bottom=\u00bb025&#8243;] Jur\u00eddico Defendemos los intereses de los clientes desde la estricta aplicaci\u00f3n de las normas de \u00e9tica e independencia de la profesi\u00f3n jur\u00eddica. Nuestro equipo de abogadas\/os aplican siempre un enfoque multidisciplinario, para ello, si es preciso, colaboran con nuestros economistas, fiscalistas y dem\u00e1s expertas\/os, procurando siempre soluciones jur\u00eddicas [&hellip;]<\/p>\n","protected":false},"author":1,"featured_media":161,"parent":253,"menu_order":0,"comment_status":"closed","ping_status":"closed","template":"","meta":{"footnotes":""},"class_list":["post-152","page","type-page","status-publish","has-post-thumbnail","hentry"],"_links":{"self":[{"href":"https:\/\/stg4993.addvera.eu\/index.php?rest_route=\/wp\/v2\/pages\/152"}],"collection":[{"href":"https:\/\/stg4993.addvera.eu\/index.php?rest_route=\/wp\/v2\/pages"}],"about":[{"href":"https:\/\/stg4993.addvera.eu\/index.php?rest_route=\/wp\/v2\/types\/page"}],"author":[{"embeddable":true,"href":"https:\/\/stg4993.addvera.eu\/index.php?rest_route=\/wp\/v2\/users\/1"}],"replies":[{"embeddable":true,"href":"https:\/\/stg4993.addvera.eu\/index.php?rest_route=%2Fwp%2Fv2%2Fcomments&post=152"}],"version-history":[{"count":1,"href":"https:\/\/stg4993.addvera.eu\/index.php?rest_route=\/wp\/v2\/pages\/152\/revisions"}],"predecessor-version":[{"id":171,"href":"https:\/\/stg4993.addvera.eu\/index.php?rest_route=\/wp\/v2\/pages\/152\/revisions\/171"}],"up":[{"embeddable":true,"href":"https:\/\/stg4993.addvera.eu\/index.php?rest_route=\/wp\/v2\/pages\/253"}],"wp:featuredmedia":[{"embeddable":true,"href":"https:\/\/stg4993.addvera.eu\/index.php?rest_route=\/wp\/v2\/media\/161"}],"wp:attachment":[{"href":"https:\/\/stg4993.addvera.eu\/index.php?rest_route=%2Fwp%2Fv2%2Fmedia&parent=152"}],"curies":[{"name":"wp","href":"https:\/\/api.w.org\/{rel}","templated":true}]}}