{"id":172,"date":"2017-02-08T11:49:58","date_gmt":"2017-02-08T11:49:58","guid":{"rendered":"https:\/\/stg4993.addvera.eu\/?page_id=172\/"},"modified":"2017-02-13T11:29:50","modified_gmt":"2017-02-13T11:29:50","slug":"corporate","status":"publish","type":"page","link":"https:\/\/stg4993.addvera.eu\/?page_id=172","title":{"rendered":"Corporate"},"content":{"rendered":"[vc_row][vc_column width=\u00bb1\/4&#8243;][vc_single_image image=\u00bb173&#8243; img_size=\u00bb188&#215;176&#8243; alignment=\u00bbcenter\u00bb][\/vc_column][vc_column width=\u00bb3\/4&#8243;][vc_column_text margin_bottom=\u00bb25&#8243;]\n<p style=\"font-size: 25px; color: #b00f35; font-weight: 400;\"><strong>Corporate<\/strong><\/p>\n<p style=\"font-size: 17px; text-align: justify;\"><span style=\"font-weight: 600;\">Adaptarse al entorno, cooperar, internacionalizar, tener una dimensi\u00f3n adecuada, fijar protocolos de sucesi\u00f3n y familiares.<\/span><\/p>\n<p style=\"font-size: 17px; text-align: justify;\"><span style=\"font-weight: 600;\">Son necesidades de toda empresa y familia. Sugerimos estrategias y aportamos estructuras y soluciones, ayudamos a negociarlas y a formalizarlas y, despu\u00e9s, velamos por su seguimiento y adaptaci\u00f3n a futuros cambios.<\/span><\/p>\n<p style=\"text-align: justify; font-size: 17px;\"><span style=\"color: #333333;\">Atendemos, desde esta \u00e1rea de actividad, las necesidades de nuestros clientes que afectan a su estrategia y vida corporativa.<\/span><\/p>\n<p style=\"text-align: justify; font-size: 17px;\"><span style=\"color: #333333;\">Los Administradores, Gerentes y Consejos de Administraci\u00f3n precisan asesores y\/o consejeros externos independientes.<\/span><\/p>\n<p style=\"text-align: justify; font-size: 17px;\"><span style=\"color: #333333;\">Que les ayuden en la toma de decisiones y en su negociaci\u00f3n y ejecuci\u00f3n posterior.<\/span><\/p>\n<p style=\"text-align: justify; font-size: 17px;\"><span style=\"color: #333333;\">Que colaboren en la implantaci\u00f3n de normas de buen gobierno y de comit\u00e9s de auditor\u00eda interna y de relaciones con los auditores externos.<\/span><\/p>\n<p style=\"text-align: justify; font-size: 17px;\"><span style=\"color: #333333;\">Profesionales de confianza que, con variados conocimientos, dilatada experiencia profesional, y acceso inmediato a t\u00e9cnicos de una firma multidisciplinaria, sean capaces de aportar valor a las decisiones.<\/span><\/p>\n<p style=\"text-align: justify; font-size: 17px;\"><span style=\"color: #333333;\">Importantes para las empresas familiares, donde la presencia y asistencia de profesionales independientes adquiere especial relevancia.<\/span><\/p>\n<p style=\"text-align: justify; font-size: 17px;\"><span style=\"color: #333333;\">Y&#8230; fundamentales en las operaciones corporativas de adquisiciones, fusiones, escisiones, reestructuraciones y valoraciones.<\/span><\/p>\n[\/vc_column_text][\/vc_column][\/vc_row][vc_row][vc_column][vc_column_text margin_bottom=\u00bb25&#8243;]\n<div style=\"width: 100%; padding: 20px; color: #fff; background: #b00f35; font-size: 20px;\"><strong><span style=\"color: #ffffff;\">ESPECIALIDADES<\/span><\/strong><\/div>\n[\/vc_column_text][\/vc_column][\/vc_row][vc_row][vc_column width=\u00bb1\/2&#8243;][vc_column_text]\n<ul>\n<li>Apoyo a la gerencia y al consejo de administraci\u00f3n.<\/li>\n<li>Negociaciones con altos directivos.<\/li>\n<li>Protocolos familiares.<\/li>\n<li>C\u00f3digos de buen gobierno.<\/li>\n<li>Auditor\u00eda interna.<\/li>\n<li>Comit\u00e9s de auditor\u00eda.<\/li>\n<li>Valoraciones.<\/li>\n<li>Due diligence.<\/li>\n<\/ul>\n[\/vc_column_text][\/vc_column][vc_column width=\u00bb1\/2&#8243;][vc_column_text]\n<ul>\n<li>Operaciones societarias.<\/li>\n<li>Fusiones.<\/li>\n<li>Adquisiciones.<\/li>\n<li>Escisiones.<\/li>\n<li>Canjes de valores.<\/li>\n<li>Planes de viabilidad.<\/li>\n<li>Reestructuraciones.<\/li>\n<li>Apertura de filiales y sucursales. Cierre y traslado.<\/li>\n<\/ul>\n[\/vc_column_text][\/vc_column][\/vc_row]\n","protected":false},"excerpt":{"rendered":"<p>[vc_row][vc_column width=\u00bb1\/4&#8243;][vc_single_image image=\u00bb173&#8243; img_size=\u00bb188&#215;176&#8243; alignment=\u00bbcenter\u00bb][\/vc_column][vc_column width=\u00bb3\/4&#8243;][vc_column_text margin_bottom=\u00bb25&#8243;] Corporate Adaptarse al entorno, cooperar, internacionalizar, tener una dimensi\u00f3n adecuada, fijar protocolos de sucesi\u00f3n y familiares. Son necesidades de toda empresa y familia. Sugerimos estrategias y aportamos estructuras y soluciones, ayudamos a negociarlas y a formalizarlas y, despu\u00e9s, velamos por su seguimiento y adaptaci\u00f3n a futuros cambios. Atendemos, [&hellip;]<\/p>\n","protected":false},"author":1,"featured_media":173,"parent":253,"menu_order":0,"comment_status":"closed","ping_status":"closed","template":"","meta":{"footnotes":""},"class_list":["post-172","page","type-page","status-publish","has-post-thumbnail","hentry"],"_links":{"self":[{"href":"https:\/\/stg4993.addvera.eu\/index.php?rest_route=\/wp\/v2\/pages\/172"}],"collection":[{"href":"https:\/\/stg4993.addvera.eu\/index.php?rest_route=\/wp\/v2\/pages"}],"about":[{"href":"https:\/\/stg4993.addvera.eu\/index.php?rest_route=\/wp\/v2\/types\/page"}],"author":[{"embeddable":true,"href":"https:\/\/stg4993.addvera.eu\/index.php?rest_route=\/wp\/v2\/users\/1"}],"replies":[{"embeddable":true,"href":"https:\/\/stg4993.addvera.eu\/index.php?rest_route=%2Fwp%2Fv2%2Fcomments&post=172"}],"version-history":[{"count":7,"href":"https:\/\/stg4993.addvera.eu\/index.php?rest_route=\/wp\/v2\/pages\/172\/revisions"}],"predecessor-version":[{"id":419,"href":"https:\/\/stg4993.addvera.eu\/index.php?rest_route=\/wp\/v2\/pages\/172\/revisions\/419"}],"up":[{"embeddable":true,"href":"https:\/\/stg4993.addvera.eu\/index.php?rest_route=\/wp\/v2\/pages\/253"}],"wp:featuredmedia":[{"embeddable":true,"href":"https:\/\/stg4993.addvera.eu\/index.php?rest_route=\/wp\/v2\/media\/173"}],"wp:attachment":[{"href":"https:\/\/stg4993.addvera.eu\/index.php?rest_route=%2Fwp%2Fv2%2Fmedia&parent=172"}],"curies":[{"name":"wp","href":"https:\/\/api.w.org\/{rel}","templated":true}]}}