{"id":177,"date":"2017-02-08T12:01:19","date_gmt":"2017-02-08T12:01:19","guid":{"rendered":"https:\/\/stg4993.addvera.eu\/?page_id=177\/"},"modified":"2023-10-18T08:48:03","modified_gmt":"2023-10-18T08:48:03","slug":"contactenos","status":"publish","type":"page","link":"https:\/\/stg4993.addvera.eu\/?page_id=177","title":{"rendered":"Cont\u00e1ctenos"},"content":{"rendered":"[vc_row][vc_column][vc_single_image image=\u00bb179&#8243; img_size=\u00bbfull\u00bb][mk_padding_divider size=\u00bb20&#8243;][vc_column_text]\n<p style=\"font-size: 24px; color: #b00f35; font-weight: 400;\"><strong>CONT\u00c1CTENOS<\/strong><\/p>\n<p style=\"font-size: 17px; text-align: justify;\">Si necesita contactar con nosotros, ll\u00e1menos, env\u00edenos un fax o\u00a0escr\u00edbanos un correo electr\u00f3nico. Le atenderemos lo m\u00e1s pronto posible.<br \/>\nPor favor, antes lea nuestra pol\u00edtica en materia de protecci\u00f3n de datos que figura en\u00a0<a href=\"https:\/\/stg4993.addvera.eu\/?page_id=256\" target=\"_blank\" rel=\"noopener noreferrer\"><span style=\"color: #333333;\">&#8216;<span style=\"text-decoration: underline;\">Avisos Legales<\/span>.&#8217;<\/span><\/a><\/p>\n[\/vc_column_text][vc_row_inner][vc_column_inner width=\u00bb1\/2&#8243;][mk_custom_list title=\u00bbDirecci\u00f3n postal\u00bb]\n<ul>\n<li>C\/ Villarroel n\u00fam. 212, 1\u00ba 1\u00aa<\/li>\n<li>08036 Barcelona, Espa\u00f1a<\/li>\n<li>Tel\u00e9fono +34 934 882 745<\/li>\n<li>E-mail\u00a0<a href=\"mailto:addvera@stg4993.addvera.eu\">addvera@stg4993.addvera.eu<\/a><\/li>\n<\/ul>\n[\/mk_custom_list][\/vc_column_inner][vc_column_inner width=\u00bb1\/2&#8243;][mk_custom_list title=\u00bbDatos requeridos para el contacto\u00bb style=\u00bbe07f\u00bb]\n<ul>\n<li>Nombre y apellidos<\/li>\n<li>Tel\u00e9fono\u00a0fijo o m\u00f3vil<\/li>\n<li>E-mail<\/li>\n<\/ul>\n[\/mk_custom_list][\/vc_column_inner][\/vc_row_inner][\/vc_column][\/vc_row]\n","protected":false},"excerpt":{"rendered":"<p>[vc_row][vc_column][vc_single_image image=\u00bb179&#8243; img_size=\u00bbfull\u00bb][mk_padding_divider size=\u00bb20&#8243;][vc_column_text] CONT\u00c1CTENOS Si necesita contactar con nosotros, ll\u00e1menos, env\u00edenos un fax o\u00a0escr\u00edbanos un correo electr\u00f3nico. Le atenderemos lo m\u00e1s pronto posible. Por favor, antes lea nuestra pol\u00edtica en materia de protecci\u00f3n de datos que figura en\u00a0&#8216;Avisos Legales.&#8217; [\/vc_column_text][vc_row_inner][vc_column_inner width=\u00bb1\/2&#8243;][mk_custom_list title=\u00bbDirecci\u00f3n postal\u00bb] C\/ Villarroel n\u00fam. 212, 1\u00ba 1\u00aa 08036 Barcelona, Espa\u00f1a Tel\u00e9fono +34 [&hellip;]<\/p>\n","protected":false},"author":1,"featured_media":0,"parent":0,"menu_order":0,"comment_status":"closed","ping_status":"closed","template":"","meta":{"footnotes":""},"class_list":["post-177","page","type-page","status-publish","hentry"],"_links":{"self":[{"href":"https:\/\/stg4993.addvera.eu\/index.php?rest_route=\/wp\/v2\/pages\/177"}],"collection":[{"href":"https:\/\/stg4993.addvera.eu\/index.php?rest_route=\/wp\/v2\/pages"}],"about":[{"href":"https:\/\/stg4993.addvera.eu\/index.php?rest_route=\/wp\/v2\/types\/page"}],"author":[{"embeddable":true,"href":"https:\/\/stg4993.addvera.eu\/index.php?rest_route=\/wp\/v2\/users\/1"}],"replies":[{"embeddable":true,"href":"https:\/\/stg4993.addvera.eu\/index.php?rest_route=%2Fwp%2Fv2%2Fcomments&post=177"}],"version-history":[{"count":12,"href":"https:\/\/stg4993.addvera.eu\/index.php?rest_route=\/wp\/v2\/pages\/177\/revisions"}],"predecessor-version":[{"id":4727,"href":"https:\/\/stg4993.addvera.eu\/index.php?rest_route=\/wp\/v2\/pages\/177\/revisions\/4727"}],"wp:attachment":[{"href":"https:\/\/stg4993.addvera.eu\/index.php?rest_route=%2Fwp%2Fv2%2Fmedia&parent=177"}],"curies":[{"name":"wp","href":"https:\/\/api.w.org\/{rel}","templated":true}]}}