{"id":178,"date":"2017-02-08T12:02:13","date_gmt":"2017-02-08T12:02:13","guid":{"rendered":"https:\/\/stg4993.addvera.eu\/?page_id=178\/"},"modified":"2017-02-09T08:41:24","modified_gmt":"2017-02-09T08:41:24","slug":"empleo","status":"publish","type":"page","link":"https:\/\/stg4993.addvera.eu\/?page_id=178","title":{"rendered":"Empleo"},"content":{"rendered":"[vc_row][vc_column][vc_single_image image=\u00bb196&#8243; img_size=\u00bb1130&#215;304&#8243;][mk_padding_divider size=\u00bb20&#8243;][\/vc_column][\/vc_row][vc_row][vc_column width=\u00bb1\/4&#8243;][vc_column_text]<a href=\"mailto:addvera@stg4993.addvera.eu\"><img loading=\"lazy\" decoding=\"async\" class=\"alignnone wp-image-198 size-full\" src=\"https:\/\/stg4993.addvera.eu\/wp-content\/uploads\/2017\/02\/03_trabaja_nosotrosv2-e1413283423905.png\" width=\"760\" height=\"788\" srcset=\"https:\/\/stg4993.addvera.eu\/wp-content\/uploads\/2017\/02\/03_trabaja_nosotrosv2-e1413283423905.png 760w, https:\/\/stg4993.addvera.eu\/wp-content\/uploads\/2017\/02\/03_trabaja_nosotrosv2-e1413283423905-289x300.png 289w, https:\/\/stg4993.addvera.eu\/wp-content\/uploads\/2017\/02\/03_trabaja_nosotrosv2-e1413283423905-251x260.png 251w, https:\/\/stg4993.addvera.eu\/wp-content\/uploads\/2017\/02\/03_trabaja_nosotrosv2-e1413283423905-741x768.png 741w, https:\/\/stg4993.addvera.eu\/wp-content\/uploads\/2017\/02\/03_trabaja_nosotrosv2-e1413283423905-399x414.png 399w, https:\/\/stg4993.addvera.eu\/wp-content\/uploads\/2017\/02\/03_trabaja_nosotrosv2-e1413283423905-414x429.png 414w\" sizes=\"(max-width: 760px) 100vw, 760px\" \/><\/a>[\/vc_column_text][vc_column_text disable_pattern=\u00bbfalse\u00bb]\n<p style=\"text-align: center; line-height: 18px; font-size: 13px; padding: 0 15px;\"><span style=\"color: #555; font-style: italic;\">Por favor, antes lee nuestra pol\u00edtica en materia de protecci\u00f3n de datos que figura en\u00a0<a style=\"color: #444; font-style: normal;\" href=\"\/areas\/avisos-2\/\" target=\"_blank\">&#8216;Avisos Legales.&#8217;<\/a><\/span><\/p>\n[\/vc_column_text][\/vc_column][vc_column width=\u00bb3\/4&#8243;][mk_title_box color=\u00bb#b00f35&#8243; highlight_color=\u00bb#000000&#8243; highlight_opacity=\u00bb0&#8243; size=\u00bb24&#8243; font_weight=\u00bbbold\u00bb margin_top=\u00bb10&#8243; margin_bottom=\u00bb0&#8243; font_family=\u00bbnone\u00bb]Oportunidades de carrera en AddVera[\/mk_title_box][vc_column_text disable_pattern=\u00bbfalse\u00bb]\n<p style=\"text-align: justify;\"><span style=\"color: #808080; font-size: 17px;\">Pretendemos ser referentes de calidad en todas nuestras especialidades. Para conseguirlo, tenemos pol\u00edticas de formaci\u00f3n continua de nuestros colaboradores, tanto interna como externa en centros de reconocido prestigio, que, en la medida de sus capacidades y vocaci\u00f3n de estudio, permitan a cada profesional establecer s\u00f3lidos planes de carrera.<\/span><\/p>\n<p style=\"text-align: justify;\"><span style=\"color: #808080; font-size: 17px;\">Cuando las circunstancias lo justifican, cedemos tiempo y\/o establecemos becas de estudio. A cambio, naturalmente, de exigir aprovechamiento y compromisos de continuidad en la Firma.<\/span><\/p>\n<p style=\"text-align: justify;\"><span style=\"color: #b00f35; font-size: 24px; text-transform: uppercase;\"><b>VALORAMOS POSITIVAMENTE<\/b><\/span><\/p>\n<p style=\"text-align: justify;\"><span style=\"color: #808080; font-size: 17px;\">Candidatos\/as con licenciaturas, diplomaturas o grados, finalizados en Econom\u00eda, Derecho, Relaciones Laborales, Administraci\u00f3n y Direcci\u00f3n de Empresas (ADE), y\/o formaciones o cursos profesionales equivalentes.<\/span><\/p>\n[\/vc_column_text][\/vc_column][\/vc_row]\n","protected":false},"excerpt":{"rendered":"<p>[vc_row][vc_column][vc_single_image image=\u00bb196&#8243; img_size=\u00bb1130&#215;304&#8243;][mk_padding_divider size=\u00bb20&#8243;][\/vc_column][\/vc_row][vc_row][vc_column width=\u00bb1\/4&#8243;][vc_column_text][\/vc_column_text][vc_column_text disable_pattern=\u00bbfalse\u00bb] Por favor, antes lee nuestra pol\u00edtica en materia de protecci\u00f3n de datos que figura en\u00a0&#8216;Avisos Legales.&#8217; [\/vc_column_text][\/vc_column][vc_column width=\u00bb3\/4&#8243;][mk_title_box color=\u00bb#b00f35&#8243; highlight_color=\u00bb#000000&#8243; highlight_opacity=\u00bb0&#8243; size=\u00bb24&#8243; font_weight=\u00bbbold\u00bb margin_top=\u00bb10&#8243; margin_bottom=\u00bb0&#8243; font_family=\u00bbnone\u00bb]Oportunidades de carrera en AddVera[\/mk_title_box][vc_column_text disable_pattern=\u00bbfalse\u00bb] Pretendemos ser referentes de calidad en todas nuestras especialidades. Para conseguirlo, tenemos pol\u00edticas de formaci\u00f3n continua de nuestros [&hellip;]<\/p>\n","protected":false},"author":1,"featured_media":200,"parent":0,"menu_order":0,"comment_status":"closed","ping_status":"closed","template":"","meta":{"footnotes":""},"class_list":["post-178","page","type-page","status-publish","has-post-thumbnail","hentry"],"_links":{"self":[{"href":"https:\/\/stg4993.addvera.eu\/index.php?rest_route=\/wp\/v2\/pages\/178"}],"collection":[{"href":"https:\/\/stg4993.addvera.eu\/index.php?rest_route=\/wp\/v2\/pages"}],"about":[{"href":"https:\/\/stg4993.addvera.eu\/index.php?rest_route=\/wp\/v2\/types\/page"}],"author":[{"embeddable":true,"href":"https:\/\/stg4993.addvera.eu\/index.php?rest_route=\/wp\/v2\/users\/1"}],"replies":[{"embeddable":true,"href":"https:\/\/stg4993.addvera.eu\/index.php?rest_route=%2Fwp%2Fv2%2Fcomments&post=178"}],"version-history":[{"count":5,"href":"https:\/\/stg4993.addvera.eu\/index.php?rest_route=\/wp\/v2\/pages\/178\/revisions"}],"predecessor-version":[{"id":204,"href":"https:\/\/stg4993.addvera.eu\/index.php?rest_route=\/wp\/v2\/pages\/178\/revisions\/204"}],"wp:featuredmedia":[{"embeddable":true,"href":"https:\/\/stg4993.addvera.eu\/index.php?rest_route=\/wp\/v2\/media\/200"}],"wp:attachment":[{"href":"https:\/\/stg4993.addvera.eu\/index.php?rest_route=%2Fwp%2Fv2%2Fmedia&parent=178"}],"curies":[{"name":"wp","href":"https:\/\/api.w.org\/{rel}","templated":true}]}}