{"id":214,"date":"2017-02-09T09:18:00","date_gmt":"2017-02-09T09:18:00","guid":{"rendered":"https:\/\/stg4993.addvera.eu\/?page_id=214\/"},"modified":"2020-10-09T08:40:13","modified_gmt":"2020-10-09T08:40:13","slug":"politica-de-cookies","status":"publish","type":"page","link":"https:\/\/stg4993.addvera.eu\/?page_id=214","title":{"rendered":"Pol\u00edtica de cookies"},"content":{"rendered":"[vc_row][vc_column][vc_column_text]\n<div style=\"width: 100%; padding: 30px; color: #fff; background: #b00f35; font-size: 30px;\"><b>Pol\u00edtica de Cookies<\/b><\/div>\n[\/vc_column_text][mk_padding_divider][vc_row_inner][vc_column_inner][vc_column_text]\n<p style=\"text-align: center;\"><strong>\u00bfQU\u00c9 SON LAS <i>COOKIES<\/i>?<\/strong><\/p>\n<p style=\"text-align: justify;\">Las cookies y otras tecnolog\u00edas similares tales como local shared objects, flash cookies o p\u00edxeles, son herramientas empleadas por los servidores Web para almacenar y recuperar informaci\u00f3n acerca de sus visitantes, as\u00ed como para ofrecer un correcto funcionamiento del sitio.<\/p>\n<p style=\"text-align: justify;\">Mediante el uso de estos dispositivos se permite al servidor Web recordar algunos datos concernientes al usuario, como sus preferencias para la visualizaci\u00f3n de las p\u00e1ginas de ese servidor, nombre y contrase\u00f1a, productos que m\u00e1s le interesan, etc.<\/p>\n<p style=\"text-align: center;\"><strong><b><i>COOKIES <\/i><\/b><b>AFECTADAS POR LA NORMATIVA Y <\/b><b><i>COOKIES <\/i><\/b><b>EXCEPTUADAS<\/b><\/strong><\/p>\n<p style=\"text-align: justify;\">Seg\u00fan la directiva de la UE, las cookies que requieren el consentimiento informado por parte del usuario son las cookies de anal\u00edtica y las de publicidad y afiliaci\u00f3n, quedando exceptuadas las de car\u00e1cter t\u00e9cnico y las necesarias para el funcionamiento del sitio web o la prestaci\u00f3n de servicios expresamente solicitados por el usuario.<\/p>\n<p style=\"text-align: center;\"><b><strong>\u00bfQU\u00c9 TIPOS DE <\/strong><\/b><b><i><strong>COOKIES<\/strong> <\/i><\/b><b><strong>EXISTEN?<\/strong><\/b><\/p>\n<p style=\"text-align: justify;\"><b>SEG\u00daN LA FINALIDAD<\/b><\/p>\n<ul>\n<li><strong>Cookies t\u00e9cnicas y funcionales:<\/strong> son aquellas que permiten al usuario la navegaci\u00f3n a trav\u00e9s de una p\u00e1gina web, plataforma o aplicaci\u00f3n y la utilizaci\u00f3n de las diferentes opciones o servicios que en ella existan como, p. ej., controlar el tr\u00e1fico y la comunicaci\u00f3n de datos, identificar la sesi\u00f3n, acceder a partes de acceso restringido, recordar los elementos de un pedido, realizar el proceso de compra de un pedido, realizar la inscripci\u00f3n o participaci\u00f3n en un evento, utilizar elementos de seguridad durante la navegaci\u00f3n, almacenar contenidos para la difusi\u00f3n de videos o sonido o compartir contenidos a trav\u00e9s de redes sociales. Incluyen las cookies de personalizaci\u00f3n, que son las que permiten al usuario acceder al servicio con algunas caracter\u00edsticas de car\u00e1cter general predefinidas en funci\u00f3n de una serie de criterios en el terminal del usuario como, p. ej., el idioma, el tipo de navegador, la configuraci\u00f3n regional desde donde accede al servicio, etc.<\/li>\n<li><strong>Cookies anal\u00edticas:<\/strong> son aqu\u00e9llas que permiten al responsable de las mismas, el seguimiento y an\u00e1lisis del comportamiento de los usuarios de los sitios web a los que est\u00e1n vinculadas. La informaci\u00f3n recogida mediante este tipo de cookies se utiliza en la medici\u00f3n de la actividad de los sitios web, aplicaci\u00f3n o plataforma y para la elaboraci\u00f3n de perfiles de navegaci\u00f3n de los usuarios de dichos sitios, aplicaciones y plataformas, con el fin de introducir mejoras en funci\u00f3n del an\u00e1lisis de los datos de uso que hacen los usuarios del servicio.<\/li>\n<li><strong>Cookies publicitarias:<\/strong> son aqu\u00e9llas que permiten la gesti\u00f3n, de la forma m\u00e1s eficaz posible, de los espacios publicitarios que, en su caso, el editor haya incluido en una p\u00e1gina web, aplicaci\u00f3n o plataforma desde la que presta el servicio solicitado en base a criterios como el contenido editado o la frecuencia en la que se muestran los anuncios.<\/li>\n<li><strong>Cookies de publicidad comportamental:<\/strong> recogen informaci\u00f3n sobre las preferencias y elecciones personales del usuario (retargeting) para permitir la gesti\u00f3n, de la forma m\u00e1s eficaz posible, de los espacios publicitarios que, en su caso, el editor haya incluido en una p\u00e1gina web, aplicaci\u00f3n o plataforma desde la que presta el servicio solicitado. M\u00e1s <strong>info<\/strong> en: <a href=\"http:\/\/www.lssi.gob.es\/Paginas\/politica-cookies.aspx\">http:\/\/www.lssi.gob.es\/Paginas\/politica-cookies.aspx<\/a> y <a href=\"http:\/\/www.interior.gob.es\/documents\/10180\/13073\/Guia_Cookies.pdf\/7c72c988-1e55-42b5-aeee-f7c46a319903\">Gu\u00eda sobre el uso de las cookies de la AEPD<\/a><\/li>\n<li><strong>Cookies sociales:<\/strong> son establecidas por las plataformas de redes sociales en los servicios para permitirle compartir contenido con sus amigos y redes. Las plataformas de medios sociales tienen la capacidad de rastrear su actividad en l\u00ednea fuera de los Servicios. Esto puede afectar el contenido y los mensajes que ve en otros servicios que visita.<\/li>\n<li><strong>Cookies de afiliados:<\/strong> permiten hacer un seguimiento de las visitas procedentes de otras webs, con las que el sitio web establece un contrato de afiliaci\u00f3n (empresas de afiliaci\u00f3n)<\/li>\n<li><strong>Cookies de seguridad:<\/strong> almacenan informaci\u00f3n cifrada para evitar que los datos guardados en ellas sean vulnerables a ataques maliciosos de terceros. Se usan s\u00f3lo en conexiones <a href=\"https:\/\/blogthinkbig.com\/que-es-https\/\">HTTPS<\/a>.<\/li>\n<\/ul>\n<p style=\"text-align: justify;\"><b>SEG\u00daN LA PROPIEDAD<\/b><\/p>\n<ul>\n<li><strong>Cookies propias:<\/strong> son aqu\u00e9llas que se env\u00edan al equipo terminal del usuario desde un equipo o dominio <u>gestionado por el propio editor<\/u> y desde el que se presta el servicio solicitado por el usuario.<\/li>\n<li><strong>Cookies de terceros:<\/strong> son aqu\u00e9llas que se env\u00edan al equipo terminal del usuario desde un equipo o dominio que <u>no es gestionado por el editor<\/u>, sino por otra entidad que trata los datos obtenidos trav\u00e9s de las cookies.<\/li>\n<\/ul>\n<p style=\"text-align: justify;\"><b>SEG\u00daN EL PLAZO DE CONSERVACI\u00d3N<\/b><\/p>\n<ul>\n<li><strong>Cookies de sesi\u00f3n:<\/strong> son un tipo de cookies dise\u00f1adas para recabar y almacenar datos mientras el usuario accede a una p\u00e1gina web.<\/li>\n<li><strong>Cookies persistentes:<\/strong> son un tipo de cookies en el que los datos siguen almacenados en el terminal y pueden ser accedidos y tratados durante un periodo definido por el responsable de la cookie, y que puede ir de unos minutos a varios a\u00f1os.<\/li>\n<\/ul>\n<p style=\"text-align: center;\"><strong>TRATAMIENTO DE DATOS PERSONALES<\/strong><\/p>\n<p style=\"text-align: justify;\">Addvera Partners, S.L.P. es el <strong>Responsable del tratamiento<\/strong> de los datos personales del <strong>Interesado<\/strong> y le informa que estos datos ser\u00e1n tratados de conformidad con lo dispuesto en el Reglamento (UE) 2016\/679 de 27 de abril de 2016 (GDPR) y , por lo que se le facilita la siguiente informaci\u00f3n del tratamiento:<\/p>\n<p style=\"text-align: justify;\"><strong>Fines del tratamiento:<\/strong> seg\u00fan se especifica en el apartado de cookies que se utilizan en este sitio web.<\/p>\n<p style=\"text-align: justify;\"><strong>Legitimaci\u00f3n del tratamiento:<\/strong> por inter\u00e9s leg\u00edtimo del responsable: cookies t\u00e9cnicas y por consentimiento del interesado: cookies anal\u00edticas comportamentales y publicitarias.<\/p>\n<p style=\"text-align: justify;\"><strong>Criterios de conservaci\u00f3n de los datos:<\/strong> seg\u00fan se especifica en el apartado de cookies utilizadas en la web.<\/p>\n<p style=\"text-align: justify;\"><strong>Comunicaci\u00f3n de los datos:<\/strong> no se comunicar\u00e1n los datos a terceros, excepto en cookies propiedad de terceros o por obligaci\u00f3n legal.<\/p>\n<p style=\"text-align: justify;\"><strong>Derechos que asisten al Interesado:<\/strong><\/p>\n<p style=\"text-align: justify;\">&#8211; Derecho a retirar el consentimiento en cualquier momento.<\/p>\n<p style=\"text-align: justify;\">&#8211; Derecho de acceso, rectificaci\u00f3n, portabilidad y supresi\u00f3n de sus datos y a la limitaci\u00f3n u oposici\u00f3n a su tratamiento.<\/p>\n<p style=\"text-align: justify;\">&#8211; Derecho a presentar una reclamaci\u00f3n ante la Autoridad de control (www.aepd.es) si considera que el tratamiento no se ajusta a la normativa vigente.<\/p>\n<p style=\"text-align: justify;\"><strong>Datos de contacto para ejercer sus derechos: Addvera Partners, S.L.P.<br \/>\nC\/ Villarroel n\u00fam. 212, 1\u00ba 1\u00aa, de Barcelona (08036)<\/strong><\/p>\n<div class=\"container\"><\/div>\n<p><!-- end container -->[\/vc_column_text][\/vc_column_inner][\/vc_row_inner][vc_row_inner][vc_column_inner][mk_table]\n<table border=\"1\" width=\"680\" cellspacing=\"0\" cellpadding=\"0\" align=\"left\">\n<tbody>\n<tr>\n<td colspan=\"5\" nowrap=\"nowrap\" width=\"206\">\u2003<strong>Cookies de Google Analytics<\/strong><\/td>\n<\/tr>\n<tr>\n<td nowrap=\"nowrap\" width=\"60\">\n<p align=\"center\"><strong>Nombre<\/strong><\/p>\n<\/td>\n<td nowrap=\"nowrap\" width=\"146\">\n<p align=\"center\"><strong>Titular<\/strong><\/p>\n<\/td>\n<td nowrap=\"nowrap\" width=\"118\">\n<p align=\"center\"><strong>Tipos<\/strong><\/p>\n<\/td>\n<td nowrap=\"nowrap\" width=\"69\">\n<p align=\"center\"><strong>Duraci\u00f3n<\/strong><\/p>\n<\/td>\n<td nowrap=\"nowrap\" width=\"287\">\n<p align=\"center\"><strong>Finalidad<\/strong><\/p>\n<\/td>\n<\/tr>\n<tr>\n<td nowrap=\"nowrap\" width=\"60\">\n<p align=\"center\"><strong>utma<\/strong><\/p>\n<\/td>\n<td nowrap=\"nowrap\" width=\"146\">\n<p align=\"center\">google-analytics.com<\/p>\n<\/td>\n<td width=\"118\">\n<p align=\"center\">ANAL\u00cdTICA<\/p>\n<\/td>\n<td nowrap=\"nowrap\" width=\"69\">\n<p align=\"center\">2 a\u00f1os<\/p>\n<\/td>\n<td width=\"287\">\n<p align=\"center\">Mantiene un registro del n\u00famero de veces que un usuario ha estado en un sitio, cu\u00e1ndo fue su primera visita, y cu\u00e1ndo se produjo su \u00faltima visita.<\/p>\n<\/td>\n<\/tr>\n<tr>\n<td nowrap=\"nowrap\" width=\"60\">\n<p align=\"center\"><strong>utmb<\/strong><\/p>\n<\/td>\n<td nowrap=\"nowrap\" width=\"146\">\n<p align=\"center\">google-analytics.com<\/p>\n<\/td>\n<td width=\"118\">\n<p align=\"center\">ANAL\u00cdTICA<\/p>\n<\/td>\n<td width=\"69\">\n<p align=\"center\">expira al finalizar la sesi\u00f3n<\/p>\n<\/td>\n<td width=\"287\">\n<p align=\"center\">Ayuda a calcular cu\u00e1nto tiempo dura la visita de un usuario almacenando el momento en el que entr\u00f3.<\/p>\n<\/td>\n<\/tr>\n<tr>\n<td nowrap=\"nowrap\" width=\"60\">\n<p align=\"center\"><strong>utmc<\/strong><\/p>\n<\/td>\n<td nowrap=\"nowrap\" width=\"146\">\n<p align=\"center\">google-analytics.com<\/p>\n<\/td>\n<td width=\"118\">\n<p align=\"center\">ANAL\u00cdTICA<\/p>\n<\/td>\n<td width=\"69\">\n<p align=\"center\">expira al finalizar la sesi\u00f3n<\/p>\n<\/td>\n<td width=\"287\">\n<p align=\"center\">Ayuda a calcular cu\u00e1nto tiempo dura la visita de un usuario almacenando el momento en el que sale de la p\u00e1gina.<\/p>\n<\/td>\n<\/tr>\n<tr>\n<td nowrap=\"nowrap\" width=\"60\">\n<p align=\"center\"><strong>utmz<\/strong><\/p>\n<\/td>\n<td nowrap=\"nowrap\" width=\"146\">\n<p align=\"center\">google-analytics.com<\/p>\n<\/td>\n<td width=\"118\">\n<p align=\"center\">ANAL\u00cdTICA<\/p>\n<\/td>\n<td width=\"69\">\n<p align=\"center\">expira al finalizar la sesi\u00f3n<\/p>\n<\/td>\n<td width=\"287\">\n<p align=\"center\">Mantiene un seguimiento de d\u00f3nde proviene el visitante, qu\u00e9 motor de b\u00fasqueda se utiliz\u00f3, en qu\u00e9 enlace hizo click, qu\u00e9 palabras clave utiliz\u00f3 y desde qu\u00e9 lugar del mundo se accedi\u00f3 a la p\u00e1gina.<\/p>\n<\/td>\n<\/tr>\n<tr>\n<td nowrap=\"nowrap\" width=\"60\">\n<p align=\"center\"><strong>_ga<\/strong><\/p>\n<\/td>\n<td nowrap=\"nowrap\" width=\"146\">\n<p align=\"center\">google-analytics.com<\/p>\n<\/td>\n<td width=\"118\">\n<p align=\"center\">ANAL\u00cdTICA<\/p>\n<\/td>\n<td width=\"69\">\n<p align=\"center\">2 a\u00f1os<\/p>\n<\/td>\n<td width=\"287\">\n<p align=\"center\">Esta cookie se utiliza para distinguir a los usuarios<\/p>\n<\/td>\n<\/tr>\n<tr>\n<td nowrap=\"nowrap\" width=\"60\">\n<p align=\"center\"><strong>1P_JAR<\/strong><\/p>\n<\/td>\n<td nowrap=\"nowrap\" width=\"146\">\n<p align=\"center\">google-analytics.com<\/p>\n<\/td>\n<td width=\"118\">\n<p align=\"center\">PUBLICITARIA<\/p>\n<\/td>\n<td width=\"69\">\n<p align=\"center\">Caduca en 1 semana desde su activaci\u00f3n<\/p>\n<\/td>\n<td width=\"287\">\n<p align=\"center\">Transfiere datos a Google para hacer la publicidad m\u00e1s atractiva<\/p>\n<\/td>\n<\/tr>\n<tr>\n<td nowrap=\"nowrap\" width=\"60\">\n<p align=\"center\"><strong>PHPSESSID<\/strong><\/p>\n<\/td>\n<td nowrap=\"nowrap\" width=\"146\">\n<p align=\"center\">Propia<\/p>\n<\/td>\n<td width=\"118\">\n<p align=\"center\">T\u00c9CNICA<\/p>\n<\/td>\n<td width=\"69\">\n<p align=\"center\">Al cerrar el navegador<\/p>\n<\/td>\n<td width=\"287\">\n<p align=\"center\">Contiene el identificador de la sesi\u00f3n<\/p>\n<\/td>\n<\/tr>\n<tr>\n<td nowrap=\"nowrap\" width=\"60\">\n<p align=\"center\"><strong>wordpress_logged_in<\/strong><\/p>\n<\/td>\n<td nowrap=\"nowrap\" width=\"146\">\n<p align=\"center\">WordPress<\/p>\n<\/td>\n<td width=\"118\">\n<p align=\"center\">T\u00c9CNICA<\/p>\n<\/td>\n<td width=\"69\">\n<p align=\"center\">Al cerrar el navegador<\/p>\n<\/td>\n<td width=\"287\">\n<p align=\"center\">Cookies necesarias para funciomaniento wp<\/p>\n<\/td>\n<\/tr>\n<tr>\n<td nowrap=\"nowrap\" width=\"60\">\n<p align=\"center\"><strong>wordpress_test_cookie<\/strong><\/p>\n<\/td>\n<td nowrap=\"nowrap\" width=\"146\">\n<p align=\"center\">WordPress<\/p>\n<\/td>\n<td width=\"118\">\n<p align=\"center\">T\u00c9CNICA<\/p>\n<\/td>\n<td width=\"69\">\n<p align=\"center\">Al cerrar el navegador<\/p>\n<\/td>\n<td width=\"287\">\n<p align=\"center\">Cookies necesarias para funciomaniento wp<\/p>\n<\/td>\n<\/tr>\n<tr>\n<td nowrap=\"nowrap\" width=\"60\">\n<p align=\"center\"><strong>wp-settings-1<\/strong><\/p>\n<\/td>\n<td nowrap=\"nowrap\" width=\"146\">\n<p align=\"center\">WordPress<\/p>\n<\/td>\n<td width=\"118\">\n<p align=\"center\">T\u00c9CNICA<\/p>\n<\/td>\n<td width=\"69\">\n<p align=\"center\">Al cerrar el navegador<\/p>\n<\/td>\n<td width=\"287\">\n<p align=\"center\">Cookies necesarias para funciomaniento wp<\/p>\n<\/td>\n<\/tr>\n<tr>\n<td nowrap=\"nowrap\" width=\"60\">\n<p align=\"center\"><strong>wp-settings-time-1<\/strong><\/p>\n<\/td>\n<td nowrap=\"nowrap\" width=\"146\">\n<p align=\"center\">WordPress<\/p>\n<\/td>\n<td width=\"118\">\n<p align=\"center\">T\u00c9CNICA<\/p>\n<\/td>\n<td width=\"69\">\n<p align=\"center\">Al cerrar el navegador<\/p>\n<\/td>\n<td width=\"287\">\n<p align=\"center\">Cookies necesarias para funciomaniento wp<\/p>\n<\/td>\n<\/tr>\n<tr>\n<td nowrap=\"nowrap\" width=\"60\">\n<p align=\"center\"><strong>_icl_current_language<\/strong><\/p>\n<\/td>\n<td nowrap=\"nowrap\" width=\"146\">\n<p align=\"center\">WordPress<\/p>\n<\/td>\n<td width=\"118\">\n<p align=\"center\">T\u00c9CNICA<\/p>\n<\/td>\n<td width=\"69\">\n<p align=\"center\">Al cerrar el navegador<\/p>\n<\/td>\n<td width=\"287\">\n<p align=\"center\">Cookies necesarias para funciomaniento wp<\/p>\n<\/td>\n<\/tr>\n<tr>\n<td nowrap=\"nowrap\" width=\"60\">\n<p align=\"center\"><strong>_icl_current_admin_language_<\/strong><\/p>\n<\/td>\n<td nowrap=\"nowrap\" width=\"146\">\n<p align=\"center\">WordPress<\/p>\n<\/td>\n<td width=\"118\">\n<p align=\"center\">T\u00c9CNICA<\/p>\n<\/td>\n<td width=\"69\">\n<p align=\"center\">Al cerrar el navegador<\/p>\n<\/td>\n<td width=\"287\">\n<p align=\"center\">Cookies necesarias para funciomaniento wp<\/p>\n<\/td>\n<\/tr>\n<tr>\n<td nowrap=\"nowrap\" width=\"60\">\n<p align=\"center\"><strong>_gid<\/strong><\/p>\n<\/td>\n<td nowrap=\"nowrap\" width=\"146\">\n<p align=\"center\">Google Analytics<\/p>\n<\/td>\n<td width=\"118\">\n<p align=\"center\">ANAL\u00cdTICA<\/p>\n<\/td>\n<td width=\"69\">\n<p align=\"center\">24 horas<\/p>\n<\/td>\n<td width=\"287\">\n<p align=\"center\">Sesi\u00f3n<\/p>\n<\/td>\n<\/tr>\n<tr>\n<td nowrap=\"nowrap\" width=\"60\">\n<p align=\"center\"><strong>wfwaf-authcookie-<\/strong><\/p>\n<\/td>\n<td nowrap=\"nowrap\" width=\"146\">\n<p align=\"center\">WordPress<\/p>\n<\/td>\n<td width=\"118\">\n<p align=\"center\">T\u00c9CNICA<\/p>\n<\/td>\n<td width=\"69\">\n<p align=\"center\">Al cerrar el navegador<\/p>\n<\/td>\n<td width=\"287\">\n<p align=\"center\">Cookies necesarias para funciomaniento wp<\/p>\n<\/td>\n<\/tr>\n<tr>\n<td nowrap=\"nowrap\" width=\"60\">\n<p align=\"center\"><strong>wordpress_<\/strong><\/p>\n<\/td>\n<td nowrap=\"nowrap\" width=\"146\">\n<p align=\"center\">WordPress<\/p>\n<\/td>\n<td width=\"118\">\n<p align=\"center\">T\u00c9CNICA<\/p>\n<\/td>\n<td width=\"69\">\n<p align=\"center\">Al cerrar el navegador<\/p>\n<\/td>\n<td width=\"287\">\n<p align=\"center\">Cookies necesarias para funciomaniento wp<\/p>\n<\/td>\n<\/tr>\n<\/tbody>\n<\/table>\n[\/mk_table][\/vc_column_inner][\/vc_row_inner][vc_row_inner][vc_column_inner][vc_column_text]<strong>M\u00e1s info:<\/strong> <a href=\"http:\/\/www.google.es\/intl\/es\/policies\/privacy\/\">http:\/\/www.google.es\/intl\/es\/policies\/privacy\/<\/a><\/p>\n<p style=\"text-align: justify;\"><strong>M\u00e1s info:<\/strong> <a href=\"https:\/\/www.bizible.com\/privacy-policy\">https:\/\/www.bizible.com\/privacy-policy<\/a><\/p>\n<p style=\"text-align: center;\"><b><strong>REVOCACI\u00d3N DEL CONSENTIMIENTO PARA INSTALAR COOKIES<\/strong><\/b><span style=\"font-weight: 400;\"><br \/>\n<\/span><span style=\"font-weight: 400;\"><br \/>\n<\/span><b><strong>COMO ELIMINAR LAS COOKIES DEL NAVEGADOR<\/strong><\/b><\/p>\n<p style=\"text-align: justify;\"><b>Chrome<\/b><span style=\"font-weight: 400;\"><br \/>\n<\/span><span style=\"font-weight: 400;\"><br \/>\n<\/span><span style=\"font-weight: 400;\">1. Selecciona el icono de Herramientas\u00a0<\/span><span style=\"font-weight: 400;\"><br \/>\n<\/span><span style=\"font-weight: 400;\">2. Haz clic en Configuraci\u00f3n.<\/span><span style=\"font-weight: 400;\"><br \/>\n<\/span><span style=\"font-weight: 400;\">3. Haz clic en Mostrar Opciones Avanzadas.<\/span><span style=\"font-weight: 400;\"><br \/>\n<\/span><span style=\"font-weight: 400;\">4. En la secci\u00f3n \u00abPrivacidad\u00bb haz clic en Configuraci\u00f3n de contenido.<\/span><span style=\"font-weight: 400;\"><br \/>\n<\/span><span style=\"font-weight: 400;\">\u00a0 \u00a0\u2022 Eliminar cookies: Haz clic en Todas las cookies y los datos de sitios\u2026<\/span><span style=\"font-weight: 400;\"><br \/>\n<\/span><span style=\"font-weight: 400;\">\u00a0 \u00a0\u2022 No permitir que se almacenen cookies.<\/span><span style=\"font-weight: 400;\"><br \/>\n<\/span><span style=\"font-weight: 400;\">5. Haz clic en Eliminar datos de navegaci\u00f3n (vaciar la Cach\u00e9).<\/span><span style=\"font-weight: 400;\"><br \/>\n<\/span><span style=\"font-weight: 400;\">6. Cierra y reinicia el navegador.<\/span><span style=\"font-weight: 400;\"><br \/>\n<\/span><span style=\"font-weight: 400;\"><br \/>\n<\/span><span style=\"font-weight: 400;\">Para m\u00e1s informaci\u00f3n sobre Chrome pulse aqu\u00ed: <\/span><a href=\"http:\/\/support.google.com\/chrome\/answer\/95647?hl=es\"><span style=\"font-weight: 400;\">http:\/\/support.google.com\/chrome\/answer\/95647?hl=es<\/span><\/a><\/p>\n<p><b>Internet Explorer.\u00a0Versi\u00f3n 11<\/b><span style=\"font-weight: 400;\"><br \/>\n<\/span><span style=\"font-weight: 400;\"><br \/>\n<\/span><span style=\"font-weight: 400;\">1. Selecciona Herramientas | Opciones de Internet.<\/span><span style=\"font-weight: 400;\"><br \/>\n<\/span><span style=\"font-weight: 400;\">2. Haz clic en la ficha General.<\/span><span style=\"font-weight: 400;\"><br \/>\n<\/span><span style=\"font-weight: 400;\">3. En la secci\u00f3n \u00abHistorial de exploraci\u00f3n\u00bb, haz clic en Eliminar el historial de exploraci\u00f3n al salir.<\/span><span style=\"font-weight: 400;\"><br \/>\n<\/span><span style=\"font-weight: 400;\">4. Seleccionar Eliminar archivos.<\/span><span style=\"font-weight: 400;\"><br \/>\n<\/span><span style=\"font-weight: 400;\">5. Seleccionar Eliminar cookies.<\/span><span style=\"font-weight: 400;\"><br \/>\n<\/span><span style=\"font-weight: 400;\">6. Haz clic en Eliminar.<\/span><span style=\"font-weight: 400;\"><br \/>\n<\/span><span style=\"font-weight: 400;\">7. Haz clic en Aceptar.<\/span><span style=\"font-weight: 400;\"><br \/>\n<\/span><span style=\"font-weight: 400;\">8. Cierra y reinicia el navegador.<\/span><span style=\"font-weight: 400;\"><br \/>\n<\/span><span style=\"font-weight: 400;\"><br \/>\n<\/span><span style=\"font-weight: 400;\">Para m\u00e1s informaci\u00f3n sobre Internet Explorer pulse aqu\u00ed: <\/span><a href=\"https:\/\/support.microsoft.com\/es-es\/help\/278835\/how-to-delete-cookie-files-in-internet-explorer\"><span style=\"font-weight: 400;\">https:\/\/support.microsoft.com\/es-es\/help\/278835\/how-to-delete-cookie-files-in-internet-explorer<\/span><span style=\"font-weight: 400;\"><br \/>\n<\/span><span style=\"font-weight: 400;\"><br \/>\n<\/span><\/a><b>Firefox. Versi\u00f3n 65.0.1<\/b><span style=\"font-weight: 400;\"><br \/>\n<\/span><span style=\"font-weight: 400;\"><br \/>\n<\/span><span style=\"font-weight: 400;\">1. Selecciona Firefox | Historial | Limpiar el historial reciente.<\/span><span style=\"font-weight: 400;\"><br \/>\n<\/span><span style=\"font-weight: 400;\">2. Al lado de \u00abDetalles\u00bb, haz clic en la flecha hacia abajo.<\/span><span style=\"font-weight: 400;\"><br \/>\n<\/span><span style=\"font-weight: 400;\">3. Selecciona las siguientes casillas de verificaci\u00f3n:\u00a0Cookies,\u00a0Cach\u00e9,\u00a0Inicios de sesi\u00f3n activos<\/span><span style=\"font-weight: 400;\"><br \/>\n<\/span><span style=\"font-weight: 400;\">4. Usando el \u00abIntervalo de tiempo para borrar\u00bb en el men\u00fa desplegable, selecciona Todo.<\/span><span style=\"font-weight: 400;\"><br \/>\n<\/span><span style=\"font-weight: 400;\">5. Haz clic en Borrar ahora.<\/span><span style=\"font-weight: 400;\"><br \/>\n<\/span><span style=\"font-weight: 400;\">6. Cierra y reinicia el navegador.<\/span><span style=\"font-weight: 400;\"><br \/>\n<\/span><span style=\"font-weight: 400;\"><br \/>\n<\/span><span style=\"font-weight: 400;\">Puede aceptar o rechazar las cookies individualmente en las Preferencias de Firefox, en la secci\u00f3n Historial disponible en Herramientas &gt; Opciones &gt; Privacidad.<\/span><span style=\"font-weight: 400;\"><br \/>\n<\/span><span style=\"font-weight: 400;\"><br \/>\n<\/span><span style=\"font-weight: 400;\">Para m\u00e1s informaci\u00f3n sobre Mozilla Firefox pulse aqu\u00ed: <\/span><a href=\"https:\/\/www.mozilla.org\/es-ES\/privacy\/websites\/#cookies\"><span style=\"font-weight: 400;\">https:\/\/www.mozilla.org\/es-ES\/privacy\/websites\/#cookies<\/span><span style=\"font-weight: 400;\"><br \/>\n<\/span><span style=\"font-weight: 400;\"><br \/>\n<\/span><\/a><b>Safari Versi\u00f3n 5.1<\/b><span style=\"font-weight: 400;\"><br \/>\n<\/span><span style=\"font-weight: 400;\"><br \/>\n<\/span><span style=\"font-weight: 400;\">1. Selecciona el icono de Safari \/ Editar | Restaurar Safari.<\/span><span style=\"font-weight: 400;\"><br \/>\n<\/span><span style=\"font-weight: 400;\">2. Selecciona las siguientes casillas de verificaci\u00f3n:\u00a0Borrar el historial,\u00a0Eliminar todos los datos de sitio web<\/span><span style=\"font-weight: 400;\"><br \/>\n<\/span><span style=\"font-weight: 400;\">3. Haz clic en Restablecer.<\/span><span style=\"font-weight: 400;\"><br \/>\n<\/span><span style=\"font-weight: 400;\">4. Cierra y reinicia el navegador.<\/span><span style=\"font-weight: 400;\"><br \/>\n<\/span><span style=\"font-weight: 400;\"><br \/>\n<\/span><span style=\"font-weight: 400;\">Para m\u00e1s informaci\u00f3n sobre Safari pulse aqu\u00ed: <\/span><a href=\"https:\/\/support.apple.com\/es-es\/guide\/safari\/sfri11471\/mac\"><span style=\"font-weight: 400;\">https:\/\/support.apple.com\/es-es\/guide\/safari\/sfri11471\/mac<\/span><span style=\"font-weight: 400;\"><br \/>\n<\/span><span style=\"font-weight: 400;\"><br \/>\n<\/span><\/a><b>Opera<\/b><span style=\"font-weight: 400;\"><br \/>\n<\/span><span style=\"font-weight: 400;\"><br \/>\n<\/span><span style=\"font-weight: 400;\">Opciones &#8211; Avanzado &#8211; Cookies.<\/span><span style=\"font-weight: 400;\"><br \/>\n<\/span><span style=\"font-weight: 400;\">Las opciones de cookies controlan el modo en que Opera los maneja y por lo tanto su aceptaci\u00f3n o rechazo.<\/span><span style=\"font-weight: 400;\"><br \/>\n<\/span><span style=\"font-weight: 400;\"><br \/>\n<\/span><span style=\"font-weight: 400;\">Para m\u00e1s informaci\u00f3n sobre Opera pulse aqu\u00ed: <\/span><a href=\"https:\/\/help.opera.com\/en\/latest\/security-and-privacy\/#clearBrowsingData\"><span style=\"font-weight: 400;\">https:\/\/help.opera.com\/en\/latest\/security-and-privacy\/#clearBrowsingData<\/span><span style=\"font-weight: 400;\"><br \/>\n<\/span><span style=\"font-weight: 400;\"><br \/>\n<\/span><\/a><b>Otros navegadores<\/b><span style=\"font-weight: 400;\"><br \/>\n<\/span><span style=\"font-weight: 400;\"><br \/>\n<\/span><span style=\"font-weight: 400;\">Consulte la documentaci\u00f3n del navegador que tenga instalado.<\/span>[\/vc_column_text][\/vc_column_inner][\/vc_row_inner][\/vc_column][\/vc_row]\n","protected":false},"excerpt":{"rendered":"<p>[vc_row][vc_column][vc_column_text] Pol\u00edtica de Cookies [\/vc_column_text][mk_padding_divider][vc_row_inner][vc_column_inner][vc_column_text] \u00bfQU\u00c9 SON LAS COOKIES? Las cookies y otras tecnolog\u00edas similares tales como local shared objects, flash cookies o p\u00edxeles, son herramientas empleadas por los servidores Web para almacenar y recuperar informaci\u00f3n acerca de sus visitantes, as\u00ed como para ofrecer un correcto funcionamiento del sitio. Mediante el uso de estos dispositivos [&hellip;]<\/p>\n","protected":false},"author":1,"featured_media":0,"parent":0,"menu_order":0,"comment_status":"closed","ping_status":"closed","template":"","meta":{"footnotes":""},"class_list":["post-214","page","type-page","status-publish","hentry"],"_links":{"self":[{"href":"https:\/\/stg4993.addvera.eu\/index.php?rest_route=\/wp\/v2\/pages\/214"}],"collection":[{"href":"https:\/\/stg4993.addvera.eu\/index.php?rest_route=\/wp\/v2\/pages"}],"about":[{"href":"https:\/\/stg4993.addvera.eu\/index.php?rest_route=\/wp\/v2\/types\/page"}],"author":[{"embeddable":true,"href":"https:\/\/stg4993.addvera.eu\/index.php?rest_route=\/wp\/v2\/users\/1"}],"replies":[{"embeddable":true,"href":"https:\/\/stg4993.addvera.eu\/index.php?rest_route=%2Fwp%2Fv2%2Fcomments&post=214"}],"version-history":[{"count":30,"href":"https:\/\/stg4993.addvera.eu\/index.php?rest_route=\/wp\/v2\/pages\/214\/revisions"}],"predecessor-version":[{"id":4066,"href":"https:\/\/stg4993.addvera.eu\/index.php?rest_route=\/wp\/v2\/pages\/214\/revisions\/4066"}],"wp:attachment":[{"href":"https:\/\/stg4993.addvera.eu\/index.php?rest_route=%2Fwp%2Fv2%2Fmedia&parent=214"}],"curies":[{"name":"wp","href":"https:\/\/api.w.org\/{rel}","templated":true}]}}