{"id":230,"date":"2017-02-09T10:28:47","date_gmt":"2017-02-09T10:28:47","guid":{"rendered":"https:\/\/stg4993.addvera.eu\/?page_id=230\/"},"modified":"2021-04-07T08:26:58","modified_gmt":"2021-04-07T08:26:58","slug":"equipo","status":"publish","type":"page","link":"https:\/\/stg4993.addvera.eu\/?page_id=230","title":{"rendered":"Equipo"},"content":{"rendered":"[vc_row][vc_column][vc_images_carousel images=\u00bb2603&#8243; img_size=\u00bbfull\u00bb onclick=\u00bblink_no\u00bb autoplay=\u00bbyes\u00bb wrap=\u00bbyes\u00bb][mk_title_box font_family=\u00bbnone\u00bb]\n<p style=\"text-align: center; padding-left: 60px;\"><span style=\"color: #808080; font-size: 17px;\">Bienvenidos a<\/span><\/p>\n<p style=\"text-align: center; padding-left: 60px;\"><strong>ADDVERA PARTNERS, Sociedad Limitada Profesional<\/strong><\/p>\n<p style=\"text-align: center; padding-left: 15px;\"><span style=\"color: #808080; font-size: 14px;\">Trabajamos bajo las normas deontol\u00f3gicas de las diversas Corporaciones Profesionales de las que formamos parte.<\/span><\/p>\n[\/mk_title_box][vc_column_text]\n<p style=\"text-align: center; padding-left: 30px;\"><span style=\"color: #808080; font-size: 20px;\"><span style=\"color: #993300;\"><strong>Un \u00a0s\u00f3lido equipo humano<\/strong><\/span><\/span><\/p>\n<p style=\"text-align: center; padding-left: 30px;\"><span style=\"color: #808080; font-size: 17px;\">Integrado en una Firma&#8230;<\/span><\/p>\n<p style=\"text-align: center; padding-left: 30px;\"><span style=\"color: #808080; font-size: 17px;\"><span style=\"color: #993300;\"><strong>De Servicios<\/strong><\/span><\/span><\/p>\n<p style=\"text-align: center; padding-left: 30px;\"><span style=\"color: #808080; font-size: 17px;\">Dedicada, exclusivamente,\u00a0a prestar servicios a nuestros clientes. Por vocaci\u00f3n y estrategia.<\/span><\/p>\n<p style=\"text-align: center; padding-left: 30px;\"><span style=\"color: #808080; font-size: 17px;\"><span style=\"color: #993300;\"><strong>Multidisciplinaria<\/strong><\/span><\/span><\/p>\n<p style=\"text-align: center; padding-left: 30px;\"><span style=\"color: #808080; font-size: 17px;\">Los asuntos deben enfocarse globalmente. Todos tienen\u00a0diversas implicaciones y deben valorarse desde diferentes \u00e1ngulos. La fiscalidad, el derecho, la contabilidad, los asuntos laborales y las relaciones humanas, intervienen, de un modo u otro, en todos los temas que nuestros clientes nos conf\u00edan.<\/span><\/p>\n<p style=\"text-align: center; padding-left: 30px;\"><span style=\"color: #808080; font-size: 17px;\"> <strong>De Calidad<\/strong><\/span><\/p>\n<p style=\"text-align: center; padding-left: 30px;\"><span style=\"color: #808080; font-size: 17px;\">La organizaci\u00f3n por departamentos y el sistema de asignaci\u00f3n y control de expedientes, aseguran, en cada caso, la intervenci\u00f3n de nuestros mejores especialistas, supervisados por los Directores de cada Departamento y el Socio a Cargo de cada Cliente.<\/span><\/p>\n<p style=\"text-align: center; padding-left: 30px;\"><span style=\"color: #808080; font-size: 17px;\"><span style=\"color: #993300;\"><strong>Basada en la Confianza<\/strong><\/span><\/span><\/p>\n<p style=\"text-align: center; padding-left: 30px;\"><span style=\"color: #808080; font-size: 17px;\">El elemento clave de nuestra actividad es la confianza de nuestros clientes. Todos los esfuerzos de estudio, formaci\u00f3n y aplicaci\u00f3n de los conocimientos y t\u00e9cnicas a nuestro alcance, buscan ese fin primordial: merecer y conservar esa confianza. <\/span><\/p>\n[\/vc_column_text][mk_title_box color=\u00bb#b00f35&#8243; highlight_color=\u00bb#ffffff\u00bb size=\u00bb24&#8243; font_weight=\u00bbbold\u00bb margin_top=\u00bb30&#8243; margin_bottom=\u00bb25&#8243; font_family=\u00bbnone\u00bb align=\u00bbcenter\u00bb]SOCIOS[\/mk_title_box][mk_employees rounded_image=\u00bbfalse\u00bb grayscale_image=\u00bbfalse\u00bb count=\u00bb3&#8243; description=\u00bbfalse\u00bb order=\u00bbASC\u00bb orderby=\u00bbtitle\u00bb animation=\u00bbfade-in\u00bb el_class=\u00bbequipo-employee\u00bb employees=\u00bb44, 22, 60&#8243;][mk_title_box color=\u00bb#b00f35&#8243; highlight_color=\u00bb#ffffff\u00bb size=\u00bb24&#8243; font_weight=\u00bbbold\u00bb margin_top=\u00bb30&#8243; margin_bottom=\u00bb25&#8243; font_family=\u00bbnone\u00bb align=\u00bbcenter\u00bb]EQUIPO[\/mk_title_box][mk_employees rounded_image=\u00bbfalse\u00bb grayscale_image=\u00bbfalse\u00bb count=\u00bb20&#8243; description=\u00bbfalse\u00bb order=\u00bbASC\u00bb orderby=\u00bbtitle\u00bb animation=\u00bbfade-in\u00bb el_class=\u00bbequipo-employee\u00bb employees=\u00bb92, 10, 7, 64, 26, 102, 52, 68, 32, 56, 38, 72, 2653, 2702, 2704, 2706, 2708, 18, 2040, 48, 2034, 3120, 3122, 3609, 3611&#8243;][mk_title_box color=\u00bb#b00f35&#8243; highlight_color=\u00bb#ffffff\u00bb size=\u00bb24&#8243; font_weight=\u00bbbold\u00bb margin_top=\u00bb30&#8243; margin_bottom=\u00bb25&#8243; font_family=\u00bbnone\u00bb align=\u00bbcenter\u00bb]PROFESIONALES ASOCIADOS[\/mk_title_box][mk_employees rounded_image=\u00bbfalse\u00bb grayscale_image=\u00bbfalse\u00bb count=\u00bb15&#8243; description=\u00bbfalse\u00bb order=\u00bbASC\u00bb orderby=\u00bbtitle\u00bb animation=\u00bbfade-in\u00bb el_class=\u00bbequipo-employee\u00bb employees=\u00bb76, 2710, 2712, 2714, 2716, 3363&#8243;][\/vc_column][\/vc_row]\n","protected":false},"excerpt":{"rendered":"<p>[vc_row][vc_column][vc_images_carousel images=\u00bb2603&#8243; img_size=\u00bbfull\u00bb onclick=\u00bblink_no\u00bb autoplay=\u00bbyes\u00bb wrap=\u00bbyes\u00bb][mk_title_box font_family=\u00bbnone\u00bb] Bienvenidos a ADDVERA PARTNERS, Sociedad Limitada Profesional Trabajamos bajo las normas deontol\u00f3gicas de las diversas Corporaciones Profesionales de las que formamos parte. [\/mk_title_box][vc_column_text] Un \u00a0s\u00f3lido equipo humano Integrado en una Firma&#8230; De Servicios Dedicada, exclusivamente,\u00a0a prestar servicios a nuestros clientes. Por vocaci\u00f3n y estrategia. Multidisciplinaria Los asuntos deben [&hellip;]<\/p>\n","protected":false},"author":1,"featured_media":235,"parent":0,"menu_order":0,"comment_status":"closed","ping_status":"closed","template":"","meta":{"footnotes":""},"class_list":["post-230","page","type-page","status-publish","has-post-thumbnail","hentry"],"_links":{"self":[{"href":"https:\/\/stg4993.addvera.eu\/index.php?rest_route=\/wp\/v2\/pages\/230"}],"collection":[{"href":"https:\/\/stg4993.addvera.eu\/index.php?rest_route=\/wp\/v2\/pages"}],"about":[{"href":"https:\/\/stg4993.addvera.eu\/index.php?rest_route=\/wp\/v2\/types\/page"}],"author":[{"embeddable":true,"href":"https:\/\/stg4993.addvera.eu\/index.php?rest_route=\/wp\/v2\/users\/1"}],"replies":[{"embeddable":true,"href":"https:\/\/stg4993.addvera.eu\/index.php?rest_route=%2Fwp%2Fv2%2Fcomments&post=230"}],"version-history":[{"count":31,"href":"https:\/\/stg4993.addvera.eu\/index.php?rest_route=\/wp\/v2\/pages\/230\/revisions"}],"predecessor-version":[{"id":4242,"href":"https:\/\/stg4993.addvera.eu\/index.php?rest_route=\/wp\/v2\/pages\/230\/revisions\/4242"}],"wp:featuredmedia":[{"embeddable":true,"href":"https:\/\/stg4993.addvera.eu\/index.php?rest_route=\/wp\/v2\/media\/235"}],"wp:attachment":[{"href":"https:\/\/stg4993.addvera.eu\/index.php?rest_route=%2Fwp%2Fv2%2Fmedia&parent=230"}],"curies":[{"name":"wp","href":"https:\/\/api.w.org\/{rel}","templated":true}]}}