{"id":251,"date":"2017-02-09T11:04:59","date_gmt":"2017-02-09T11:04:59","guid":{"rendered":"https:\/\/stg4993.addvera.eu\/?page_id=251\/"},"modified":"2017-10-10T14:34:29","modified_gmt":"2017-10-10T14:34:29","slug":"betrian-i-piquet-jesus","status":"publish","type":"page","link":"https:\/\/stg4993.addvera.eu\/?page_id=251","title":{"rendered":"Betrian i Piquet, Jes\u00fas"},"content":{"rendered":"[vc_row][vc_column width=\u00bb1\/3&#8243;][vc_single_image image=\u00bb3128&#8243; img_size=\u00bb300&#215;415&#8243;][vc_column_text margin_bottom=\u00bb50&#8243; el_class=\u00bbcontact-team-single\u00bb]<span style=\"color: #ffffff;\">Tel: +34 93 488 27 45<\/span><br \/>\n<a href=\"mailto:jbetrian@stg4993.addvera.eu\"><span style=\"color: #ffffff;\">Email: jbetrian@stg4993.addvera.eu<\/span><\/a><br \/>\n<a href=\"\/wp-content\/uploads\/2014\/11\/JBP-CV.pdf\" target=\"_blank\" rel=\"noopener noreferrer\"><span style=\"color: #ffffff;\">CV Completo<\/span><\/a>[\/vc_column_text][\/vc_column][vc_column width=\u00bb2\/3&#8243;][vc_column_text]\n<p style=\"font-size: 25px; color: #b00f35; font-weight: bold;\">Jes\u00fas Betrian i Piquet<\/p>\n<p style=\"text-align: justify;\"><span style=\"color: #333333; font-size: 17px;\">Ha actuado como economista, auditor y asesor fiscal-contable de empresas de distintas dimensiones, sectores y naturalezas jur\u00eddicas, tanto de \u00e1mbito nacional como de multinacionales espa\u00f1olas y extranjeras. <\/span><\/p>\n<p style=\"text-align: justify;\"><span style=\"color: #333333; font-size: 17px;\">Ha participado en la planificaci\u00f3n y ejecuci\u00f3n de operaciones corporativas, de implantaci\u00f3n directa en Espa\u00f1a, de adquisici\u00f3n de empresas y de reestructuraci\u00f3n societaria, de \u00e1mbito nacional e internacional, as\u00ed como de estructuras patrimoniales familiares, participando en los procesos de contrataci\u00f3n de los altos directivos y en la negociaci\u00f3n y establecimiento de acuerdos de socios (\u00abShareholders Agreements\u00bb) y de opciones de oferta y compra de acciones y participaciones (\u00abPut-Call Options\u00bb).<\/span><\/p>\n<p style=\"text-align: justify;\"><span style=\"color: #333333; font-size: 17px;\">Ha dirigido diversos trabajos de \u00abdue diligence\u00bb de empresas de sectores varios.<\/span><\/p>\n<p style=\"text-align: justify;\"><span style=\"color: #333333; font-size: 17px;\">Amplia experiencia en el \u00e1mbito de la tributaci\u00f3n de personas f\u00edsicas y jur\u00eddicas. <\/span><\/p>\n<p style=\"text-align: justify;\"><span style=\"color: #333333; font-size: 17px;\">Ha asesorado empresas en distintos procesos de negociaci\u00f3n de contratos de distribuci\u00f3n nacional e internacional y en procedimientos en materia concursal.<\/span><\/p>\n<hr style=\"margin: 25px 0px; border: 1px solid #b00f35;\" \/>\n<p style=\"font-size: 22px; font-weight: bold; color: #333333;\">Especialidades:<\/p>\n<p><span style=\"color: red; font-size: 17px;\">&gt;\u00a0<\/span><span style=\"color: #333333; font-size: 17px;\">Fiscal<\/span><\/p>\n<p><span style=\"color: red; font-size: 17px;\">&gt;\u00a0<\/span><span style=\"color: #333333; font-size: 17px;\">Auditoria<\/span><\/p>\n<p><span style=\"color: red; font-size: 17px;\">&gt;\u00a0<\/span><span style=\"color: #333333; font-size: 17px;\">Contabilidad y gesti\u00f3n<\/span><\/p>\n<p><span style=\"color: red; font-size: 17px;\">&gt;\u00a0<\/span><span style=\"color: #333333; font-size: 17px;\">Corporate<\/span>[\/vc_column_text][\/vc_column][\/vc_row]\n","protected":false},"excerpt":{"rendered":"<p>[vc_row][vc_column width=\u00bb1\/3&#8243;][vc_single_image image=\u00bb3128&#8243; img_size=\u00bb300&#215;415&#8243;][vc_column_text margin_bottom=\u00bb50&#8243; el_class=\u00bbcontact-team-single\u00bb]Tel: +34 93 488 27 45 Email: jbetrian@stg4993.addvera.eu CV Completo[\/vc_column_text][\/vc_column][vc_column width=\u00bb2\/3&#8243;][vc_column_text] Jes\u00fas Betrian i Piquet Ha actuado como economista, auditor y asesor fiscal-contable de empresas de distintas dimensiones, sectores y naturalezas jur\u00eddicas, tanto de \u00e1mbito nacional como de multinacionales espa\u00f1olas y extranjeras. Ha participado en la planificaci\u00f3n y ejecuci\u00f3n de [&hellip;]<\/p>\n","protected":false},"author":1,"featured_media":0,"parent":230,"menu_order":0,"comment_status":"closed","ping_status":"closed","template":"","meta":{"footnotes":""},"class_list":["post-251","page","type-page","status-publish","hentry"],"_links":{"self":[{"href":"https:\/\/stg4993.addvera.eu\/index.php?rest_route=\/wp\/v2\/pages\/251"}],"collection":[{"href":"https:\/\/stg4993.addvera.eu\/index.php?rest_route=\/wp\/v2\/pages"}],"about":[{"href":"https:\/\/stg4993.addvera.eu\/index.php?rest_route=\/wp\/v2\/types\/page"}],"author":[{"embeddable":true,"href":"https:\/\/stg4993.addvera.eu\/index.php?rest_route=\/wp\/v2\/users\/1"}],"replies":[{"embeddable":true,"href":"https:\/\/stg4993.addvera.eu\/index.php?rest_route=%2Fwp%2Fv2%2Fcomments&post=251"}],"version-history":[{"count":9,"href":"https:\/\/stg4993.addvera.eu\/index.php?rest_route=\/wp\/v2\/pages\/251\/revisions"}],"predecessor-version":[{"id":3130,"href":"https:\/\/stg4993.addvera.eu\/index.php?rest_route=\/wp\/v2\/pages\/251\/revisions\/3130"}],"up":[{"embeddable":true,"href":"https:\/\/stg4993.addvera.eu\/index.php?rest_route=\/wp\/v2\/pages\/230"}],"wp:attachment":[{"href":"https:\/\/stg4993.addvera.eu\/index.php?rest_route=%2Fwp%2Fv2%2Fmedia&parent=251"}],"curies":[{"name":"wp","href":"https:\/\/api.w.org\/{rel}","templated":true}]}}