{"id":2722,"date":"2017-06-21T07:46:08","date_gmt":"2017-06-21T07:46:08","guid":{"rendered":"https:\/\/stg4993.addvera.eu\/?page_id=2722\/"},"modified":"2017-10-19T13:36:42","modified_gmt":"2017-10-19T13:36:42","slug":"judith-ortega-lacambra","status":"publish","type":"page","link":"https:\/\/stg4993.addvera.eu\/?page_id=2722","title":{"rendered":"Ortega Lacambra, Judith"},"content":{"rendered":"[vc_row][vc_column width=\u00bb1\/3&#8243;][vc_single_image image=\u00bb2587&#8243; img_size=\u00bb300&#215;415&#8243;][vc_column_text el_class=\u00bbcontact-team-single\u00bb]<span style=\"color: #ffffff;\">Tel: +34 93 488 27 45<\/span><br \/>\n<a href=\"mailto:jortega@stg4993.addvera.eu\"><span style=\"color: #ffffff;\">Email: jortega@stg4993.addvera.eu<\/span><\/a><br \/>\n<a href=\"\/wp-content\/uploads\/2017\/06\/joc-cv.pdf\" target=\"_blank\" rel=\"noopener noreferrer\"><span style=\"color: #ffffff;\">CV Completo<\/span><\/a>[\/vc_column_text][\/vc_column][vc_column width=\u00bb2\/3&#8243;][vc_column_text]\n<p style=\"font-size: 25px; color: #b00f35; font-weight: bold;\">Ortega Lacambra, Judith<\/p>\n<p style=\"text-align: justify; font-size: 17px;\">Realiza tareas de asesoramiento laboral y de administraci\u00f3n de personal a clientes de diversos tipos, y de diferentes sectores y convenios de aplicaci\u00f3n, tanto del R\u00e9gimen General como Aut\u00f3nomos.<\/p>\n<p style=\"font-size: 22px; font-weight: bold; color: #333333;\">Especialidades:<\/p>\n<p><span style=\"color: red; font-size: 17px;\">&gt;\u00a0<\/span><span style=\"color: #333333; font-size: 17px;\">T\u00e9cnico en Gesti\u00f3n Empresarial y Laboral<\/span>[\/vc_column_text][\/vc_column][\/vc_row]\n","protected":false},"excerpt":{"rendered":"<p>[vc_row][vc_column width=\u00bb1\/3&#8243;][vc_single_image image=\u00bb2587&#8243; img_size=\u00bb300&#215;415&#8243;][vc_column_text el_class=\u00bbcontact-team-single\u00bb]Tel: +34 93 488 27 45 Email: jortega@stg4993.addvera.eu CV Completo[\/vc_column_text][\/vc_column][vc_column width=\u00bb2\/3&#8243;][vc_column_text] Ortega Lacambra, Judith Realiza tareas de asesoramiento laboral y de administraci\u00f3n de personal a clientes de diversos tipos, y de diferentes sectores y convenios de aplicaci\u00f3n, tanto del R\u00e9gimen General como Aut\u00f3nomos. Especialidades: &gt;\u00a0T\u00e9cnico en Gesti\u00f3n Empresarial y Laboral[\/vc_column_text][\/vc_column][\/vc_row]<\/p>\n","protected":false},"author":1,"featured_media":0,"parent":230,"menu_order":0,"comment_status":"closed","ping_status":"closed","template":"","meta":{"footnotes":""},"class_list":["post-2722","page","type-page","status-publish","hentry"],"_links":{"self":[{"href":"https:\/\/stg4993.addvera.eu\/index.php?rest_route=\/wp\/v2\/pages\/2722"}],"collection":[{"href":"https:\/\/stg4993.addvera.eu\/index.php?rest_route=\/wp\/v2\/pages"}],"about":[{"href":"https:\/\/stg4993.addvera.eu\/index.php?rest_route=\/wp\/v2\/types\/page"}],"author":[{"embeddable":true,"href":"https:\/\/stg4993.addvera.eu\/index.php?rest_route=\/wp\/v2\/users\/1"}],"replies":[{"embeddable":true,"href":"https:\/\/stg4993.addvera.eu\/index.php?rest_route=%2Fwp%2Fv2%2Fcomments&post=2722"}],"version-history":[{"count":12,"href":"https:\/\/stg4993.addvera.eu\/index.php?rest_route=\/wp\/v2\/pages\/2722\/revisions"}],"predecessor-version":[{"id":3163,"href":"https:\/\/stg4993.addvera.eu\/index.php?rest_route=\/wp\/v2\/pages\/2722\/revisions\/3163"}],"up":[{"embeddable":true,"href":"https:\/\/stg4993.addvera.eu\/index.php?rest_route=\/wp\/v2\/pages\/230"}],"wp:attachment":[{"href":"https:\/\/stg4993.addvera.eu\/index.php?rest_route=%2Fwp%2Fv2%2Fmedia&parent=2722"}],"curies":[{"name":"wp","href":"https:\/\/api.w.org\/{rel}","templated":true}]}}