{"id":281,"date":"2017-02-10T08:34:36","date_gmt":"2017-02-10T08:34:36","guid":{"rendered":"https:\/\/stg4993.addvera.eu\/?page_id=281\/"},"modified":"2017-06-12T10:40:34","modified_gmt":"2017-06-12T10:40:34","slug":"bonillo-payo-montse","status":"publish","type":"page","link":"https:\/\/stg4993.addvera.eu\/?page_id=281","title":{"rendered":"Bonillo Payo, Montse"},"content":{"rendered":"[vc_row][vc_column width=\u00bb1\/3&#8243;][vc_single_image image=\u00bb2595&#8243; img_size=\u00bb300&#215;415&#8243;][vc_column_text el_class=\u00bbcontact-team-single\u00bb]<span style=\"color: #ffffff;\">Tel: +34 93 488 27 45<\/span><br \/>\n<a href=\"mailto:mbonillo@stg4993.addvera.eu\"><span style=\"color: #ffffff;\">Email: mbonillo@stg4993.addvera.eu<\/span><\/a><br \/>\n<a href=\"\/wp-content\/uploads\/2014\/11\/BPM-CV.pdf\" target=\"_blank\" rel=\"noopener noreferrer\"><span style=\"color: #ffffff;\">CV Completo<\/span><\/a>[\/vc_column_text][\/vc_column][vc_column width=\u00bb2\/3&#8243;][vc_column_text]\n<p style=\"font-size: 25px; color: #b00f35; font-weight: bold;\">Montse Bonillo Payo<\/p>\n<p style=\"text-align: justify; font-size: 17px;\"><span style=\"color: #333333;\">Asesora en materia fiscal y contable a clientes pertenecientes a diversos sectores y de dimensiones diversas.<\/span><\/p>\n<p style=\"text-align: justify; font-size: 17px;\">Asesoramiento fiscal y contable en todo tipo de operaciones y transacciones mercantiles.<\/p>\n<p style=\"text-align: justify; font-size: 17px;\">Planificaci\u00f3n fiscal de diversas operaciones societarias y de reestructuraci\u00f3n empresarial.<\/p>\n<p style=\"text-align: justify; font-size: 17px;\">Ha participado en diversos estudios de empresas y due-diligences en los aspectos fiscal y contable.<\/p>\n<p style=\"text-align: justify; font-size: 17px;\">Liquidaci\u00f3n de impuestos estatales (IVA, IRPF, IRNR, I.P. e I.S., r\u00e9gimen general y reg\u00edmenes especiales), auton\u00f3micos (ITP y AJD, ISYD, entre otros) y locales (ICIO, IAE, etc.).<\/p>\n<p style=\"text-align: justify; font-size: 17px;\">Preparaci\u00f3n y seguimiento de procedimientos de impugnaci\u00f3n de actos administrativos y de actuaciones ante los \u00f3rganos de la AEAT (gesti\u00f3n, inspecci\u00f3n y recaudaci\u00f3n).<\/p>\n<hr style=\"margin: 25px 0px; border: 1px solid #b00f35;\" \/>\n<p style=\"font-size: 22px; font-weight: bold; color: #333333;\">Especialidades:<\/p>\n<p><span style=\"color: red; font-size: 17px;\">&gt;\u00a0<\/span><span style=\"color: #333333; font-size: 17px;\">Impuestos<\/span><\/p>\n<p><span style=\"color: red; font-size: 17px;\">&gt;\u00a0<\/span><span style=\"color: #333333; font-size: 17px;\">Contabilidad<\/span>[\/vc_column_text][\/vc_column][\/vc_row]\n","protected":false},"excerpt":{"rendered":"<p>[vc_row][vc_column width=\u00bb1\/3&#8243;][vc_single_image image=\u00bb2595&#8243; img_size=\u00bb300&#215;415&#8243;][vc_column_text el_class=\u00bbcontact-team-single\u00bb]Tel: +34 93 488 27 45 Email: mbonillo@stg4993.addvera.eu CV Completo[\/vc_column_text][\/vc_column][vc_column width=\u00bb2\/3&#8243;][vc_column_text] Montse Bonillo Payo Asesora en materia fiscal y contable a clientes pertenecientes a diversos sectores y de dimensiones diversas. Asesoramiento fiscal y contable en todo tipo de operaciones y transacciones mercantiles. Planificaci\u00f3n fiscal de diversas operaciones societarias y de reestructuraci\u00f3n [&hellip;]<\/p>\n","protected":false},"author":1,"featured_media":0,"parent":230,"menu_order":0,"comment_status":"closed","ping_status":"closed","template":"","meta":{"footnotes":""},"class_list":["post-281","page","type-page","status-publish","hentry"],"_links":{"self":[{"href":"https:\/\/stg4993.addvera.eu\/index.php?rest_route=\/wp\/v2\/pages\/281"}],"collection":[{"href":"https:\/\/stg4993.addvera.eu\/index.php?rest_route=\/wp\/v2\/pages"}],"about":[{"href":"https:\/\/stg4993.addvera.eu\/index.php?rest_route=\/wp\/v2\/types\/page"}],"author":[{"embeddable":true,"href":"https:\/\/stg4993.addvera.eu\/index.php?rest_route=\/wp\/v2\/users\/1"}],"replies":[{"embeddable":true,"href":"https:\/\/stg4993.addvera.eu\/index.php?rest_route=%2Fwp%2Fv2%2Fcomments&post=281"}],"version-history":[{"count":8,"href":"https:\/\/stg4993.addvera.eu\/index.php?rest_route=\/wp\/v2\/pages\/281\/revisions"}],"predecessor-version":[{"id":2671,"href":"https:\/\/stg4993.addvera.eu\/index.php?rest_route=\/wp\/v2\/pages\/281\/revisions\/2671"}],"up":[{"embeddable":true,"href":"https:\/\/stg4993.addvera.eu\/index.php?rest_route=\/wp\/v2\/pages\/230"}],"wp:attachment":[{"href":"https:\/\/stg4993.addvera.eu\/index.php?rest_route=%2Fwp%2Fv2%2Fmedia&parent=281"}],"curies":[{"name":"wp","href":"https:\/\/api.w.org\/{rel}","templated":true}]}}