{"id":283,"date":"2017-02-10T08:37:16","date_gmt":"2017-02-10T08:37:16","guid":{"rendered":"https:\/\/stg4993.addvera.eu\/?page_id=283\/"},"modified":"2017-06-12T10:38:14","modified_gmt":"2017-06-12T10:38:14","slug":"casas-casals-ana-c","status":"publish","type":"page","link":"https:\/\/stg4993.addvera.eu\/?page_id=283","title":{"rendered":"Casas Casals, Ana C."},"content":{"rendered":"[vc_row][vc_column width=\u00bb1\/3&#8243;][vc_single_image image=\u00bb2561&#8243; img_size=\u00bb300&#215;415&#8243;][vc_column_text el_class=\u00bbcontact-team-single\u00bb]<span style=\"color: #ffffff;\">Tel: +34 93 488 27 45<\/span><br \/>\n<a href=\"mailto:acasas@stg4993.addvera.eu\"><span style=\"color: #ffffff;\">Email: acasas@stg4993.addvera.eu<\/span><\/a><br \/>\n<a href=\"\/wp-content\/uploads\/2014\/11\/ACC-CV.pdf\" target=\"_blank\" rel=\"noopener noreferrer\"><span style=\"color: #ffffff;\">CV Completo<\/span><\/a>[\/vc_column_text][\/vc_column][vc_column width=\u00bb2\/3&#8243;][vc_column_text]\n<p style=\"font-size: 25px; color: #b00f35; font-weight: bold;\">\u00a0Ana C. Casas Casals<\/p>\n<p style=\"text-align: justify; font-size: 17px;\"><span style=\"color: #333333;\">Asesora en materia mercantil (societario, contrataci\u00f3n privada, contrataci\u00f3n del sector p\u00fablico, derecho inmobiliario) a diversos clientes y empresas, pertenecientes a diversos sectores y de dimensiones diversas.<\/span><\/p>\n<p style=\"text-align: justify; font-size: 17px;\">Ha participado en la planificaci\u00f3n y ejecuci\u00f3n de diversas operaciones societarias, desde su constituci\u00f3n a operaciones corporativas de fusi\u00f3n, escisi\u00f3n, etc. tanto a nivel nacional como internacional.<\/p>\n<p style=\"text-align: justify; font-size: 17px;\">Ha participado en diversos estudios de empresas y due-diligence en el \u00e1rea mercantil, contando con experiencia en compra-venta de empresas y operaciones de reestructuraci\u00f3n, as\u00ed como en materia concursal.<\/p>\n<p style=\"text-align: justify; font-size: 17px;\">Direcci\u00f3n letrada de distintos procedimientos judiciales en materia civil y mercantil, con amplia experiencia procesal.<\/p>\n<hr style=\"margin: 25px 0px; border: 1px solid #b00f35;\" \/>\n<p style=\"font-size: 22px; font-weight: bold; color: #333333;\">Especialidades:<\/p>\n<p><span style=\"color: red; font-size: 17px;\">&gt;\u00a0<\/span><span style=\"color: #333333; font-size: 17px;\">Mercantil<\/span><\/p>\n<p><span style=\"color: red; font-size: 17px;\">&gt;\u00a0<\/span><span style=\"color: #333333; font-size: 17px;\">Civil<\/span><\/p>\n<p><span style=\"color: red; font-size: 17px;\">&gt;\u00a0<\/span><span style=\"color: #333333; font-size: 17px;\">Matrimonial<\/span>[\/vc_column_text][\/vc_column][\/vc_row]\n","protected":false},"excerpt":{"rendered":"<p>[vc_row][vc_column width=\u00bb1\/3&#8243;][vc_single_image image=\u00bb2561&#8243; img_size=\u00bb300&#215;415&#8243;][vc_column_text el_class=\u00bbcontact-team-single\u00bb]Tel: +34 93 488 27 45 Email: acasas@stg4993.addvera.eu CV Completo[\/vc_column_text][\/vc_column][vc_column width=\u00bb2\/3&#8243;][vc_column_text] \u00a0Ana C. Casas Casals Asesora en materia mercantil (societario, contrataci\u00f3n privada, contrataci\u00f3n del sector p\u00fablico, derecho inmobiliario) a diversos clientes y empresas, pertenecientes a diversos sectores y de dimensiones diversas. Ha participado en la planificaci\u00f3n y ejecuci\u00f3n de diversas operaciones [&hellip;]<\/p>\n","protected":false},"author":1,"featured_media":0,"parent":230,"menu_order":0,"comment_status":"closed","ping_status":"closed","template":"","meta":{"footnotes":""},"class_list":["post-283","page","type-page","status-publish","hentry"],"_links":{"self":[{"href":"https:\/\/stg4993.addvera.eu\/index.php?rest_route=\/wp\/v2\/pages\/283"}],"collection":[{"href":"https:\/\/stg4993.addvera.eu\/index.php?rest_route=\/wp\/v2\/pages"}],"about":[{"href":"https:\/\/stg4993.addvera.eu\/index.php?rest_route=\/wp\/v2\/types\/page"}],"author":[{"embeddable":true,"href":"https:\/\/stg4993.addvera.eu\/index.php?rest_route=\/wp\/v2\/users\/1"}],"replies":[{"embeddable":true,"href":"https:\/\/stg4993.addvera.eu\/index.php?rest_route=%2Fwp%2Fv2%2Fcomments&post=283"}],"version-history":[{"count":13,"href":"https:\/\/stg4993.addvera.eu\/index.php?rest_route=\/wp\/v2\/pages\/283\/revisions"}],"predecessor-version":[{"id":2659,"href":"https:\/\/stg4993.addvera.eu\/index.php?rest_route=\/wp\/v2\/pages\/283\/revisions\/2659"}],"up":[{"embeddable":true,"href":"https:\/\/stg4993.addvera.eu\/index.php?rest_route=\/wp\/v2\/pages\/230"}],"wp:attachment":[{"href":"https:\/\/stg4993.addvera.eu\/index.php?rest_route=%2Fwp%2Fv2%2Fmedia&parent=283"}],"curies":[{"name":"wp","href":"https:\/\/api.w.org\/{rel}","templated":true}]}}