{"id":303,"date":"2017-02-10T09:32:09","date_gmt":"2017-02-10T09:32:09","guid":{"rendered":"https:\/\/stg4993.addvera.eu\/?page_id=303\/"},"modified":"2017-06-12T10:38:35","modified_gmt":"2017-06-12T10:38:35","slug":"fatjo-gene-anna","status":"publish","type":"page","link":"https:\/\/stg4993.addvera.eu\/?page_id=303","title":{"rendered":"Fatj\u00f3 Gen\u00e9, Anna"},"content":{"rendered":"[vc_row][vc_column width=\u00bb1\/3&#8243;][vc_single_image image=\u00bb2567&#8243; img_size=\u00bb300&#215;415&#8243;][vc_column_text margin_bottom=\u00bb50&#8243; el_class=\u00bbcontact-team-single\u00bb]<span style=\"color: #ffffff;\">Tel: +34 93 488 27 45<\/span><br \/>\n<a href=\"mailto:afatjo@stg4993.addvera.eu\"><span style=\"color: #ffffff;\">Email: afatjo@stg4993.addvera.eu<\/span><\/a><br \/>\n<a href=\"\/wp-content\/uploads\/2014\/11\/AFG-CV.pdf\" target=\"_blank\" rel=\"noopener noreferrer\"><span style=\"color: #ffffff;\">CV Completo<\/span><\/a>[\/vc_column_text][\/vc_column][vc_column width=\u00bb2\/3&#8243;][vc_column_text el_class=\u00bbtext-block-team-single\u00bb]\n<p style=\"font-size: 25px; color: #b00f35; font-weight: bold;\">Anna Fatj\u00f3 Gen\u00e9<\/p>\n<p style=\"font-size: 17px;\"><span style=\"color: #000000;\">Miembro del departamento de Administraci\u00f3n. Contable y responsable de facturaci\u00f3n, mantenimiento de cuentas y bases de datos de clientes.<\/span><\/p>\n<hr style=\"margin: 25px 0px; border: 1px solid #b00f35;\" \/>\n<p style=\"font-size: 22px; font-weight: bold; color: #333333;\">Especialidades:<\/p>\n<p><span style=\"color: red; font-size: 17px;\">&gt;\u00a0<\/span><span style=\"color: #333333; font-size: 17px;\">Contabilidad<\/span><\/p>\n<p><span style=\"color: red; font-size: 17px;\">&gt;\u00a0<\/span><span style=\"color: #333333; font-size: 17px;\">Administraci\u00f3n<\/span><\/p>\n<p><span style=\"color: red; font-size: 17px;\">&gt;\u00a0<\/span><span style=\"color: #333333; font-size: 17px;\">Facturaci\u00f3n<\/span>[\/vc_column_text][\/vc_column][\/vc_row]\n","protected":false},"excerpt":{"rendered":"<p>[vc_row][vc_column width=\u00bb1\/3&#8243;][vc_single_image image=\u00bb2567&#8243; img_size=\u00bb300&#215;415&#8243;][vc_column_text margin_bottom=\u00bb50&#8243; el_class=\u00bbcontact-team-single\u00bb]Tel: +34 93 488 27 45 Email: afatjo@stg4993.addvera.eu CV Completo[\/vc_column_text][\/vc_column][vc_column width=\u00bb2\/3&#8243;][vc_column_text el_class=\u00bbtext-block-team-single\u00bb] Anna Fatj\u00f3 Gen\u00e9 Miembro del departamento de Administraci\u00f3n. Contable y responsable de facturaci\u00f3n, mantenimiento de cuentas y bases de datos de clientes. Especialidades: &gt;\u00a0Contabilidad &gt;\u00a0Administraci\u00f3n &gt;\u00a0Facturaci\u00f3n[\/vc_column_text][\/vc_column][\/vc_row]<\/p>\n","protected":false},"author":1,"featured_media":306,"parent":230,"menu_order":0,"comment_status":"closed","ping_status":"closed","template":"","meta":{"footnotes":""},"class_list":["post-303","page","type-page","status-publish","has-post-thumbnail","hentry"],"_links":{"self":[{"href":"https:\/\/stg4993.addvera.eu\/index.php?rest_route=\/wp\/v2\/pages\/303"}],"collection":[{"href":"https:\/\/stg4993.addvera.eu\/index.php?rest_route=\/wp\/v2\/pages"}],"about":[{"href":"https:\/\/stg4993.addvera.eu\/index.php?rest_route=\/wp\/v2\/types\/page"}],"author":[{"embeddable":true,"href":"https:\/\/stg4993.addvera.eu\/index.php?rest_route=\/wp\/v2\/users\/1"}],"replies":[{"embeddable":true,"href":"https:\/\/stg4993.addvera.eu\/index.php?rest_route=%2Fwp%2Fv2%2Fcomments&post=303"}],"version-history":[{"count":6,"href":"https:\/\/stg4993.addvera.eu\/index.php?rest_route=\/wp\/v2\/pages\/303\/revisions"}],"predecessor-version":[{"id":2662,"href":"https:\/\/stg4993.addvera.eu\/index.php?rest_route=\/wp\/v2\/pages\/303\/revisions\/2662"}],"up":[{"embeddable":true,"href":"https:\/\/stg4993.addvera.eu\/index.php?rest_route=\/wp\/v2\/pages\/230"}],"wp:featuredmedia":[{"embeddable":true,"href":"https:\/\/stg4993.addvera.eu\/index.php?rest_route=\/wp\/v2\/media\/306"}],"wp:attachment":[{"href":"https:\/\/stg4993.addvera.eu\/index.php?rest_route=%2Fwp%2Fv2%2Fmedia&parent=303"}],"curies":[{"name":"wp","href":"https:\/\/api.w.org\/{rel}","templated":true}]}}