{"id":305,"date":"2017-02-10T09:36:00","date_gmt":"2017-02-10T09:36:00","guid":{"rendered":"https:\/\/stg4993.addvera.eu\/?page_id=305\/"},"modified":"2017-06-12T10:38:21","modified_gmt":"2017-06-12T10:38:21","slug":"305-2","status":"publish","type":"page","link":"https:\/\/stg4993.addvera.eu\/?page_id=305","title":{"rendered":"Fern\u00e1ndez Augusto, C\u00e9sar A."},"content":{"rendered":"[vc_row][vc_column width=\u00bb1\/3&#8243;][vc_single_image image=\u00bb2571&#8243; img_size=\u00bb300&#215;415&#8243;][vc_column_text el_class=\u00bbcontact-team-single\u00bb]<span style=\"color: #ffffff;\">Tel: +34 93 488 27 45<\/span><br \/>\n<a href=\"mailto:cfernandez@stg4993.addvera.eu\"><span style=\"color: #ffffff;\">Email: cfernandez@stg4993.addvera.eu<\/span><\/a><br \/>\n<a href=\"\/wp-content\/uploads\/2014\/11\/CFA-CV.pdf\" target=\"_blank\" rel=\"noopener noreferrer\"><span style=\"color: #ffffff;\">CV Completo<\/span><\/a>[\/vc_column_text][\/vc_column][vc_column width=\u00bb2\/3&#8243;][vc_column_text]\n<p style=\"font-size: 25px; color: #b00f35; font-weight: bold;\">C\u00e9sar A. Fern\u00e1ndez Augusto<\/p>\n<p style=\"text-align: justify; font-size: 17px;\">Asesor en materia fiscal y contable de diversos clientes y empresas pertenecientes a diversos sectores y de dimensiones diversas.<\/p>\n<p style=\"text-align: justify; font-size: 17px;\">Ha participado en la planificaci\u00f3n y ejecuci\u00f3n diversas operaciones societarias, de \u00e1mbito nacional e internacional, as\u00ed como de estructuras patrimoniales familiares.<\/p>\n<p style=\"text-align: justify; font-size: 17px;\">Amplia experiencia en el \u00e1mbito de la tributaci\u00f3n de personas f\u00edsicas y jur\u00eddicas.<\/p>\n<p style=\"text-align: justify; font-size: 17px;\">Direcci\u00f3n letrada en distintos procedimientos en materia concursal.<\/p>\n<p style=\"text-align: justify; font-size: 17px;\"><span style=\"color: #333333;\">Direcci\u00f3n letrada de distintos procedimientos judiciales en materia laboral.<\/span><\/p>\n<hr style=\"margin: 25px 0px; border: 1px solid #b00f35;\" \/>\n<p style=\"font-size: 22px; font-weight: bold; color: #333333;\">Especialidades:<\/p>\n<p>&nbsp;<\/p>\n<p><span style=\"color: red; font-size: 17px;\">&gt;\u00a0<\/span><span style=\"color: #333333; font-size: 17px;\">Fiscal<\/span><\/p>\n<p><span style=\"color: red; font-size: 17px;\">&gt;\u00a0<\/span><span style=\"color: #333333; font-size: 17px;\">Concursal<\/span><\/p>\n<p><span style=\"color: red; font-size: 17px;\">&gt;\u00a0<\/span><span style=\"color: #333333; font-size: 17px;\">Laboral<\/span>[\/vc_column_text][\/vc_column][\/vc_row]\n","protected":false},"excerpt":{"rendered":"<p>[vc_row][vc_column width=\u00bb1\/3&#8243;][vc_single_image image=\u00bb2571&#8243; img_size=\u00bb300&#215;415&#8243;][vc_column_text el_class=\u00bbcontact-team-single\u00bb]Tel: +34 93 488 27 45 Email: cfernandez@stg4993.addvera.eu CV Completo[\/vc_column_text][\/vc_column][vc_column width=\u00bb2\/3&#8243;][vc_column_text] C\u00e9sar A. Fern\u00e1ndez Augusto Asesor en materia fiscal y contable de diversos clientes y empresas pertenecientes a diversos sectores y de dimensiones diversas. Ha participado en la planificaci\u00f3n y ejecuci\u00f3n diversas operaciones societarias, de \u00e1mbito nacional e internacional, as\u00ed como [&hellip;]<\/p>\n","protected":false},"author":1,"featured_media":0,"parent":230,"menu_order":0,"comment_status":"closed","ping_status":"closed","template":"","meta":{"footnotes":""},"class_list":["post-305","page","type-page","status-publish","hentry"],"_links":{"self":[{"href":"https:\/\/stg4993.addvera.eu\/index.php?rest_route=\/wp\/v2\/pages\/305"}],"collection":[{"href":"https:\/\/stg4993.addvera.eu\/index.php?rest_route=\/wp\/v2\/pages"}],"about":[{"href":"https:\/\/stg4993.addvera.eu\/index.php?rest_route=\/wp\/v2\/types\/page"}],"author":[{"embeddable":true,"href":"https:\/\/stg4993.addvera.eu\/index.php?rest_route=\/wp\/v2\/users\/1"}],"replies":[{"embeddable":true,"href":"https:\/\/stg4993.addvera.eu\/index.php?rest_route=%2Fwp%2Fv2%2Fcomments&post=305"}],"version-history":[{"count":6,"href":"https:\/\/stg4993.addvera.eu\/index.php?rest_route=\/wp\/v2\/pages\/305\/revisions"}],"predecessor-version":[{"id":2660,"href":"https:\/\/stg4993.addvera.eu\/index.php?rest_route=\/wp\/v2\/pages\/305\/revisions\/2660"}],"up":[{"embeddable":true,"href":"https:\/\/stg4993.addvera.eu\/index.php?rest_route=\/wp\/v2\/pages\/230"}],"wp:attachment":[{"href":"https:\/\/stg4993.addvera.eu\/index.php?rest_route=%2Fwp%2Fv2%2Fmedia&parent=305"}],"curies":[{"name":"wp","href":"https:\/\/api.w.org\/{rel}","templated":true}]}}