{"id":3114,"date":"2017-10-10T14:10:40","date_gmt":"2017-10-10T14:10:40","guid":{"rendered":"https:\/\/stg4993.addvera.eu\/?page_id=3114\/"},"modified":"2017-10-19T13:41:57","modified_gmt":"2017-10-19T13:41:57","slug":"clara-fernandez-alberti-2","status":"publish","type":"page","link":"https:\/\/stg4993.addvera.eu\/?page_id=3114","title":{"rendered":"Fern\u00e1ndez Albert\u00ed, Clara"},"content":{"rendered":"[vc_row][vc_column width=\u00bb1\/3&#8243;][vc_single_image image=\u00bb3164&#8243; img_size=\u00bb300&#215;415&#8243; add_caption=\u00bbyes\u00bb][vc_column_text el_class=\u00bbcontact-team-single\u00bb]<span style=\"color: #ffffff;\">Tel: +34 93 488 27 45<\/span><br \/>\n<a href=\"mailto:clara.fernandez@stg4993.addvera.eu\"><span style=\"color: #ffffff;\">Email: clara.fernandez@stg4993.addvera.eu<\/span><\/a><br \/>\n<a href=\"https:\/\/stg4993.addvera.eu\/wp-content\/uploads\/2017\/10\/clfa-cv.pdf\" target=\"_blank\" rel=\"noopener noreferrer\"><span style=\"color: #ffffff;\">CV Completo<\/span><\/a>[\/vc_column_text][\/vc_column][vc_column width=\u00bb2\/3&#8243;][vc_column_text]\n<p style=\"font-size: 25px; color: #b00f35; font-weight: bold;\">Fern\u00e1ndez Albert\u00ed, Clara<\/p>\n<p style=\"text-align: justify; font-size: 17px;\">Seguimiento y tramitaci\u00f3n de procedimientos penales y civiles. Reclamaciones de cantidad y ejecuciones.<\/p>\n<p style=\"text-align: justify; font-size: 17px;\">Especialidades:<\/p>\n<p><span style=\"color: red; font-size: 17px;\">&gt;\u00a0<\/span><span style=\"color: #333333; font-size: 17px;\">Procesal civil y penal<\/span>[\/vc_column_text][\/vc_column][\/vc_row]\n","protected":false},"excerpt":{"rendered":"<p>[vc_row][vc_column width=\u00bb1\/3&#8243;][vc_single_image image=\u00bb3164&#8243; img_size=\u00bb300&#215;415&#8243; add_caption=\u00bbyes\u00bb][vc_column_text el_class=\u00bbcontact-team-single\u00bb]Tel: +34 93 488 27 45 Email: clara.fernandez@stg4993.addvera.eu CV Completo[\/vc_column_text][\/vc_column][vc_column width=\u00bb2\/3&#8243;][vc_column_text] Fern\u00e1ndez Albert\u00ed, Clara Seguimiento y tramitaci\u00f3n de procedimientos penales y civiles. Reclamaciones de cantidad y ejecuciones. Especialidades: &gt;\u00a0Procesal civil y penal[\/vc_column_text][\/vc_column][\/vc_row]<\/p>\n","protected":false},"author":3,"featured_media":0,"parent":230,"menu_order":0,"comment_status":"closed","ping_status":"closed","template":"","meta":{"footnotes":""},"class_list":["post-3114","page","type-page","status-publish","hentry"],"_links":{"self":[{"href":"https:\/\/stg4993.addvera.eu\/index.php?rest_route=\/wp\/v2\/pages\/3114"}],"collection":[{"href":"https:\/\/stg4993.addvera.eu\/index.php?rest_route=\/wp\/v2\/pages"}],"about":[{"href":"https:\/\/stg4993.addvera.eu\/index.php?rest_route=\/wp\/v2\/types\/page"}],"author":[{"embeddable":true,"href":"https:\/\/stg4993.addvera.eu\/index.php?rest_route=\/wp\/v2\/users\/3"}],"replies":[{"embeddable":true,"href":"https:\/\/stg4993.addvera.eu\/index.php?rest_route=%2Fwp%2Fv2%2Fcomments&post=3114"}],"version-history":[{"count":4,"href":"https:\/\/stg4993.addvera.eu\/index.php?rest_route=\/wp\/v2\/pages\/3114\/revisions"}],"predecessor-version":[{"id":3167,"href":"https:\/\/stg4993.addvera.eu\/index.php?rest_route=\/wp\/v2\/pages\/3114\/revisions\/3167"}],"up":[{"embeddable":true,"href":"https:\/\/stg4993.addvera.eu\/index.php?rest_route=\/wp\/v2\/pages\/230"}],"wp:attachment":[{"href":"https:\/\/stg4993.addvera.eu\/index.php?rest_route=%2Fwp%2Fv2%2Fmedia&parent=3114"}],"curies":[{"name":"wp","href":"https:\/\/api.w.org\/{rel}","templated":true}]}}