{"id":321,"date":"2017-02-10T09:51:55","date_gmt":"2017-02-10T09:51:55","guid":{"rendered":"https:\/\/stg4993.addvera.eu\/?page_id=321\/"},"modified":"2017-10-19T13:33:20","modified_gmt":"2017-10-19T13:33:20","slug":"fernandez-fernandez-jose-manuel","status":"publish","type":"page","link":"https:\/\/stg4993.addvera.eu\/?page_id=321","title":{"rendered":"Fern\u00e1ndez Fern\u00e1ndez, Jos\u00e9 Manuel"},"content":{"rendered":"[vc_row][vc_column width=\u00bb1\/3&#8243;][vc_single_image image=\u00bb2583&#8243; img_size=\u00bb300&#215;415&#8243; el_class=\u00bbmin-width-300&#8243;][vc_column_text margin_bottom=\u00bb50&#8243; el_class=\u00bbcontact-team-single\u00bb]<span style=\"color: #ffffff;\">Tel: +34 93 488 27 45<\/span><br \/>\n<a href=\"mailto:jmfernandez@stg4993.addvera.eu\"><span style=\"color: #ffffff;\">Email: jmfernandez@stg4993.addvera.eu<\/span><\/a><br \/>\n<a href=\"\/wp-content\/uploads\/2016\/02\/JMF-CV.pdf\" target=\"_blank\" rel=\"noopener noreferrer\"><span style=\"color: #ffffff;\">CV Completo<\/span><\/a>[\/vc_column_text][\/vc_column][vc_column width=\u00bb2\/3&#8243;][vc_column_text el_class=\u00bbtext-block-team-single\u00bb]\n<p style=\"font-size: 25px; color: #b00f35; font-weight: bold;\">Jos\u00e9 Manuel Fern\u00e1ndez Fern\u00e1ndez<\/p>\n<p style=\"text-align: justify; font-size: 17px;\">Desde 1992 desarrolla su carrera profesional en la gesti\u00f3n contable, financiera, fiscal y administrativa en empresas de diferentes sectores y de dimensiones diversas.<\/p>\n<p style=\"text-align: justify; font-size: 17px;\">Tambi\u00e9n ha asumido la responsabilidad al frente de Departamentos Administrativos y de Recursos Humanos, as\u00ed como de Controlling y Gesti\u00f3n de Proyectos.<\/p>\n<hr style=\"margin: 25px 0px; border: 1px solid #b00f35;\" \/>\n<p style=\"font-size: 22px; font-weight: bold; color: #333333;\">Especialidades:<\/p>\n<p><span style=\"color: red; font-size: 17px;\">&gt;\u00a0<\/span><span style=\"color: #333333; font-size: 17px;\">Impuestos<\/span><\/p>\n<p><span style=\"color: red; font-size: 17px;\">&gt;\u00a0<\/span><span style=\"color: #333333; font-size: 17px;\">Contable<\/span><\/p>\n<p><span style=\"color: red; font-size: 17px;\">&gt;\u00a0<\/span><span style=\"color: #333333; font-size: 17px;\">Gesti\u00f3n Administrativa<\/span>[\/vc_column_text][\/vc_column][\/vc_row]\n","protected":false},"excerpt":{"rendered":"<p>[vc_row][vc_column width=\u00bb1\/3&#8243;][vc_single_image image=\u00bb2583&#8243; img_size=\u00bb300&#215;415&#8243; el_class=\u00bbmin-width-300&#8243;][vc_column_text margin_bottom=\u00bb50&#8243; el_class=\u00bbcontact-team-single\u00bb]Tel: +34 93 488 27 45 Email: jmfernandez@stg4993.addvera.eu CV Completo[\/vc_column_text][\/vc_column][vc_column width=\u00bb2\/3&#8243;][vc_column_text el_class=\u00bbtext-block-team-single\u00bb] Jos\u00e9 Manuel Fern\u00e1ndez Fern\u00e1ndez Desde 1992 desarrolla su carrera profesional en la gesti\u00f3n contable, financiera, fiscal y administrativa en empresas de diferentes sectores y de dimensiones diversas. Tambi\u00e9n ha asumido la responsabilidad al frente de Departamentos Administrativos [&hellip;]<\/p>\n","protected":false},"author":1,"featured_media":325,"parent":230,"menu_order":0,"comment_status":"closed","ping_status":"closed","template":"","meta":{"footnotes":""},"class_list":["post-321","page","type-page","status-publish","has-post-thumbnail","hentry"],"_links":{"self":[{"href":"https:\/\/stg4993.addvera.eu\/index.php?rest_route=\/wp\/v2\/pages\/321"}],"collection":[{"href":"https:\/\/stg4993.addvera.eu\/index.php?rest_route=\/wp\/v2\/pages"}],"about":[{"href":"https:\/\/stg4993.addvera.eu\/index.php?rest_route=\/wp\/v2\/types\/page"}],"author":[{"embeddable":true,"href":"https:\/\/stg4993.addvera.eu\/index.php?rest_route=\/wp\/v2\/users\/1"}],"replies":[{"embeddable":true,"href":"https:\/\/stg4993.addvera.eu\/index.php?rest_route=%2Fwp%2Fv2%2Fcomments&post=321"}],"version-history":[{"count":4,"href":"https:\/\/stg4993.addvera.eu\/index.php?rest_route=\/wp\/v2\/pages\/321\/revisions"}],"predecessor-version":[{"id":3151,"href":"https:\/\/stg4993.addvera.eu\/index.php?rest_route=\/wp\/v2\/pages\/321\/revisions\/3151"}],"up":[{"embeddable":true,"href":"https:\/\/stg4993.addvera.eu\/index.php?rest_route=\/wp\/v2\/pages\/230"}],"wp:featuredmedia":[{"embeddable":true,"href":"https:\/\/stg4993.addvera.eu\/index.php?rest_route=\/wp\/v2\/media\/325"}],"wp:attachment":[{"href":"https:\/\/stg4993.addvera.eu\/index.php?rest_route=%2Fwp%2Fv2%2Fmedia&parent=321"}],"curies":[{"name":"wp","href":"https:\/\/api.w.org\/{rel}","templated":true}]}}